{"id":963,"date":"2014-02-02T16:15:02","date_gmt":"2014-02-02T15:15:02","guid":{"rendered":"http:\/\/eltrafalgar.com\/?page_id=963"},"modified":"2024-07-27T12:08:16","modified_gmt":"2024-07-27T10:08:16","slug":"preguntas-frecuentes","status":"publish","type":"page","link":"https:\/\/eltrafalgar.com\/?page_id=963","title":{"rendered":"Preguntas y Respuestas"},"content":{"rendered":"<h4><span style=\"color: #ff6600;\">\u00bfCuando est\u00e1 Abierto?<\/span><\/h4>\n<p style=\"padding-left: 30px;\"><strong><span style=\"font-size: medium; color: #000000;\">En 2024, Estaremos a Tu Disposici\u00f3n desde el 3 de Julio Hasta Mediados de Septiembre.<\/span><\/strong><\/p>\n<address>\u00a0<\/address>\n<h4><span style=\"color: #ff6600;\">\u00bfCu\u00e1l es el Horario?<\/span><\/h4>\n<h5 style=\"padding-left: 30px;\"><span style=\"font-size: medium; color: #000000;\">Todas Las Noches, de 21:30 a 0:00.<\/span><\/h5>\n<h4><span style=\"color: #ff6600;\">\u00bfAceptan Tarjetas?<\/span><\/h4>\n<p style=\"padding-left: 30px;\"><strong><span style=\"font-size: medium; color: #000000;\">Si, aceptamos Visa y MasterCard.<\/span><\/strong><\/p>\n<address>\u00a0<\/address>\n<h4><span style=\"color: #ff6600;\">\u00bfCual es el Tiempo de Espera si llego Sin Reserva?<\/span><\/h4>\n<p style=\"padding-left: 30px;\"><strong><span style=\"font-size: medium; color: #000000;\">Depende de la \u00c9poca del A\u00f1o y de la Hora.<\/span><\/strong><\/p>\n<ul>\n<li style=\"padding-left: 30px;\"><span style=\"font-size: medium; color: #000000;\"><span style=\"font-size: medium; color: #000000;\"><strong><span style=\"color: #ff6600;\">En Julio y Agosto. <\/span>Entre 15 y 45 minutos. A Veces, Mucho M\u00e1s&#8230;<br \/>\n<\/strong><\/span><\/span><\/li>\n<li style=\"padding-left: 30px;\"><span style=\"font-size: medium; color: #000000;\"><strong><span style=\"color: #ff6600;\">Durante el resto de la Temporada. <\/span>Excepto los Fines de Semana, V\u00edsperas y Festivos, Entre 5 y 10 minutos.<\/strong><span style=\"line-height: 1.714285714;\"><br \/>\n<\/span><\/span><\/li>\n<\/ul>\n<p style=\"padding-left: 30px;\"><strong><span style=\"font-size: medium; color: #000000;\">Si Quieres Cenar con La Tranquilidad de Saber que No Vas a Tener que Esperar, Te Recomendamos que Reserves Tu Mesa. Te lo Ponemos Muy F\u00e1cil.<\/span><\/strong><\/p>\n<address>\u00a0<\/address>\n<h4><span style=\"color: #ff6600;\">\u00bfC\u00f3mo Puedo Reservar una Mesa?<\/span><\/h4>\n<p style=\"padding-left: 30px;\"><strong><span style=\"font-size: medium; color: #000000;\">Puedes hacerlo de tres formas:<\/span><\/strong><\/p>\n<ul>\n<li style=\"padding-left: 30px;\"><span style=\"font-size: medium; color: #000000;\"><span style=\"color: #ff6600;\"><strong>Personalmente. <\/strong><\/span><\/span><span style=\"font-size: medium; color: #000000;\"><span style=\"font-size: medium; color: #000000;\"><strong>Habla con Cualquiera de Nosotros y Te Confirmaremos Tu Reserva Inmediatamente.<\/strong><\/span><\/span><\/li>\n<li style=\"padding-left: 30px;\"><span style=\"font-size: medium; color: #000000;\"><span style=\"font-size: medium; color: #000000;\"><span style=\"color: #ff6600;\"><strong>Online. <\/strong><\/span><strong>Utiliza nuestro sistema de reserva por Medio de Nuestra Web. <\/strong><strong>Es Muy F\u00e1cil de Usar y Tendr\u00e1s Confirmaci\u00f3n por Escrito, v\u00eda email. <\/strong><strong>Para Reservar Tu Mesa Online, pulsa<\/strong> <a title=\"Reserva Tu Mesa\" href=\"http:\/\/eltrafalgar.com\/?page_id=69\" target=\"_blank\" rel=\"noopener noreferrer\"><strong><span style=\"color: #ff6600;\"><span style=\"color: #ff6600;\">Aqu\u00ed.<\/span><\/span><\/strong><\/a><\/span><\/span><\/li>\n<li style=\"padding-left: 30px;\"><span style=\"font-size: medium; color: #000000;\"><span style=\"color: #ff6600;\"><strong>Telef\u00f3nicamente<\/strong>. <\/span><strong>Llamando al 956 437 121.<\/strong><\/span><\/li>\n<\/ul>\n<address>\u00a0<\/address>\n<h4><span style=\"color: #ff6600;\">\u00bfDurante cuanto tiempo me Mantienen La Reserva?<\/span><\/h4>\n<p style=\"padding-left: 30px;\"><strong><span style=\"font-size: medium; color: #000000;\">Si Has Reservado Tu Mesa, Te Das Cuenta que Vas a llegar Tarde, y Nos Avisas Antes, Intentaremos Mantenerte la Reserva Hasta que llegues. <\/span><\/strong><\/p>\n<p style=\"padding-left: 30px;\"><strong><span style=\"font-size: medium; color: #000000;\">Si No Nos Avisas, Mantendremos Tu Reserva Durante 5 minutos, Tras los Cuales la Reserva Quedar\u00e1 Anulada.<\/span><\/strong><\/p>\n<address>\u00a0<\/address>\n<h4><span style=\"color: #ff6600;\">\u00bfTienen Platos Adecuados para Cel\u00edacos y otras Alergias Alimentarias?<\/span><\/h4>\n<p style=\"padding-left: 30px;\"><strong><span style=\"font-size: medium; color: #000000;\">Por Supuesto!<\/span><\/strong><\/p>\n<p style=\"padding-left: 30px;\"><strong><span style=\"font-size: medium; color: #000000;\">Tambi\u00e9n Disponemos Informaci\u00f3n Completa sobre los Al\u00e9rgenos Que Componen Cada Uno de los Platos de Nuestra Carta.<\/span><\/strong><\/p>\n<p style=\"padding-left: 30px;\"><strong><span style=\"font-size: medium; color: #000000;\"> Si Tienes cualquier Duda o Consulta, Estamos a Tu Disposici\u00f3n.<\/span><\/strong><\/p>\n<address style=\"padding-left: 30px;\">\u00a0<\/address>\n<h4><span style=\"color: #ff6600;\">\u00bfTienen un Men\u00fa para Ni\u00f1os?<\/span><\/h4>\n<p style=\"padding-left: 30px;\"><strong><span style=\"font-size: medium; color: #000000;\">Claro!<\/span><\/strong><\/p>\n<p style=\"padding-left: 30px;\"><strong><span style=\"font-size: medium; color: #000000;\">Disponemos de un Men\u00fa Infantil para los M\u00e1s Peque\u00f1os, hasta los 8 a\u00f1os.<\/span><\/strong><\/p>\n<p style=\"padding-left: 30px;\"><span style=\"font-size: medium; color: #000000;\"><strong>Puedes consultarlo<\/strong>\u00a0<strong><a title=\"Men\u00fa Infantil\" href=\"http:\/\/eltrafalgar.com\/?page_id=254\" target=\"_blank\" rel=\"noopener noreferrer\"><span style=\"color: #ff6600;\"><span style=\"color: #ff6600;\">Aqu\u00ed<\/span><span style=\"color: #ff6600;\">.<\/span><\/span><\/a><br \/>\n<\/strong><\/span><\/p>\n<address>\u00a0<\/address>\n<h4><span style=\"color: #ff6600;\">\u00bfPuedo Pedir La Comida para Llevar?<\/span><\/h4>\n<p style=\"padding-left: 30px;\"><strong><span style=\"font-size: medium; color: #000000;\">Siempre!<\/span><\/strong><\/p>\n<p style=\"padding-left: 30px;\"><strong><span style=\"font-size: medium; color: #000000;\">P\u00eddenos Informaci\u00f3n a Cualquiera de Nosotros.<\/span><\/strong><\/p>\n<address>\u00a0<\/address>\n<h4><span style=\"color: #ff6600;\">\u00bfAceptan Pedidos de Comida para Llevar por Tel\u00e9fono?<\/span><\/h4>\n<p style=\"padding-left: 30px;\"><strong><span style=\"font-size: medium; color: #000000;\">No. <\/span><\/strong><\/p>\n<p style=\"padding-left: 30px;\"><strong><span style=\"font-size: medium; color: #000000;\">S\u00f3lo se admiten los Pedidos de Comida para Llevar que se realicen personalmente.<\/span><\/strong><\/p>\n<address>\u00a0<\/address>\n<h4><span style=\"color: #ff6600;\">\u00bfOfrecen Men\u00fas con Precio Cerrado para Grupos y Grandes Eventos?<\/span><\/h4>\n<p style=\"padding-left: 30px;\"><strong><span style=\"font-size: medium; color: #000000;\">Claro, Cons\u00faltanos!\u00a0<\/span><\/strong><\/p>\n<address>\u00a0\u00a0<\/address>\n<p style=\"text-align: center;\"><a href=\"http:\/\/eltrafalgar.com\"><strong><span style=\"font-size: medium; color: #ff6600;\">Volver al Inicio<\/span><\/strong><\/a><\/p>\n","protected":false},"excerpt":{"rendered":"<p>\u00bfCuando est\u00e1 Abierto? En 2024, Estaremos a Tu Disposici\u00f3n desde el 3 de Julio Hasta Mediados de Septiembre. \u00a0 \u00bfCu\u00e1l es el Horario? Todas Las Noches, de 21:30 a 0:00. \u00bfAceptan Tarjetas? Si, aceptamos Visa y MasterCard. \u00a0 \u00bfCual es el Tiempo de Espera si llego Sin Reserva? Depende de la \u00c9poca del A\u00f1o y&hellip;<\/p>\n","protected":false},"author":1,"featured_media":0,"parent":0,"menu_order":0,"comment_status":"open","ping_status":"open","template":"","meta":{"footnotes":""},"class_list":["post-963","page","type-page","status-publish","hentry"],"_links":{"self":[{"href":"https:\/\/eltrafalgar.com\/index.php?rest_route=\/wp\/v2\/pages\/963"}],"collection":[{"href":"https:\/\/eltrafalgar.com\/index.php?rest_route=\/wp\/v2\/pages"}],"about":[{"href":"https:\/\/eltrafalgar.com\/index.php?rest_route=\/wp\/v2\/types\/page"}],"author":[{"embeddable":true,"href":"https:\/\/eltrafalgar.com\/index.php?rest_route=\/wp\/v2\/users\/1"}],"replies":[{"embeddable":true,"href":"https:\/\/eltrafalgar.com\/index.php?rest_route=%2Fwp%2Fv2%2Fcomments&post=963"}],"version-history":[{"count":53,"href":"https:\/\/eltrafalgar.com\/index.php?rest_route=\/wp\/v2\/pages\/963\/revisions"}],"predecessor-version":[{"id":3491,"href":"https:\/\/eltrafalgar.com\/index.php?rest_route=\/wp\/v2\/pages\/963\/revisions\/3491"}],"wp:attachment":[{"href":"https:\/\/eltrafalgar.com\/index.php?rest_route=%2Fwp%2Fv2%2Fmedia&parent=963"}],"curies":[{"name":"wp","href":"https:\/\/api.w.org\/{rel}","templated":true}]}}