{"id":918,"date":"2014-02-02T13:11:41","date_gmt":"2014-02-02T12:11:41","guid":{"rendered":"http:\/\/eltrafalgar.com\/?page_id=918"},"modified":"2020-07-23T15:15:07","modified_gmt":"2020-07-23T13:15:07","slug":"lugar","status":"publish","type":"page","link":"https:\/\/eltrafalgar.com\/?page_id=918","title":{"rendered":"El Lugar"},"content":{"rendered":"<p style=\"text-align: center;\"><span style=\"font-size: medium; color: #000000;\">El Trafalgar est\u00e1 Ubicado en el Centro de Los Ca\u00f1os de Meca, C\u00e1diz, Andaluc\u00eda, Espa\u00f1a.<br \/>\n<\/span><span style=\"font-size: medium; color: #000000;\">Un Lugar Privilegiado.<\/span><\/p>\n<p style=\"text-align: center;\"><span style=\"font-size: medium; color: #000000;\">Si lo Conoces, Qu\u00e9 Te Vamos a Contar&#8230;<br \/>\nSi No lo Conoces, Te Dejamos algunas Fotos.<br \/>\nVen Pronto, Vale la Pena.<\/span><\/p>\n<p style=\"text-align: center;\"><strong style=\"color: #000000; font-size: medium; line-height: 1.714285714;\"><ul class=\"cro_col_4 cro_gallerylist\"><li class=\"widget-container\"><div class=\"imgouter galholderski\"><img loading=\"lazy\" decoding=\"async\" width=\"400\" height=\"270\" src=\"https:\/\/eltrafalgar.com\/wp-content\/uploads\/2014\/02\/Girasoles1-400x270.jpg\" class=\"attachment-banner size-banner wp-post-image\" alt=\"Girasoles en Primavera\" \/><h5 class=\"cro_accent cro_galtitle\">Los Ca\u00f1os<\/h5><ul class=\"cro_gallerycontentwidget\"><li rel=\"https:\/\/eltrafalgar.com\/wp-content\/uploads\/2013\/01\/IMG_2105-150x150.jpg\" contents=\"https:\/\/eltrafalgar.com\/wp-content\/uploads\/2013\/01\/IMG_2105.jpg\" title=\"Trafalgar &#8211; Los Ca\u00f1os\"><\/li><li rel=\"https:\/\/eltrafalgar.com\/wp-content\/uploads\/2014\/02\/Girasoles1-150x150.jpg\" contents=\"https:\/\/eltrafalgar.com\/wp-content\/uploads\/2014\/02\/Girasoles1.jpg\" title=\"Girasoles en Primavera\"><\/li><li rel=\"https:\/\/eltrafalgar.com\/wp-content\/uploads\/2014\/02\/Atardecer-150x150.jpg\" contents=\"https:\/\/eltrafalgar.com\/wp-content\/uploads\/2014\/02\/Atardecer.jpg\" title=\"Atardecer en Los Ca\u00f1os\"><\/li><li rel=\"https:\/\/eltrafalgar.com\/wp-content\/uploads\/2014\/02\/Tormenta1-150x150.jpg\" contents=\"https:\/\/eltrafalgar.com\/wp-content\/uploads\/2014\/02\/Tormenta1.jpg\" title=\"Tormenta\"><\/li><li rel=\"https:\/\/eltrafalgar.com\/wp-content\/uploads\/2014\/02\/Dehesa1-150x150.jpg\" contents=\"https:\/\/eltrafalgar.com\/wp-content\/uploads\/2014\/02\/Dehesa1.jpg\" title=\"La Dehesa en Abril\"><\/li><li rel=\"https:\/\/eltrafalgar.com\/wp-content\/uploads\/2014\/02\/Cielo-150x150.jpg\" contents=\"https:\/\/eltrafalgar.com\/wp-content\/uploads\/2014\/02\/Cielo.jpg\" title=\"El Color del Cielo\"><\/li><li rel=\"https:\/\/eltrafalgar.com\/wp-content\/uploads\/2014\/02\/DentrodelFaro-150x150.jpg\" contents=\"https:\/\/eltrafalgar.com\/wp-content\/uploads\/2014\/02\/DentrodelFaro.jpg\" title=\"Dentro del Faro de Trafalgar\"><\/li><li rel=\"https:\/\/eltrafalgar.com\/wp-content\/uploads\/2014\/02\/TorreTajo-150x150.jpg\" contents=\"https:\/\/eltrafalgar.com\/wp-content\/uploads\/2014\/02\/TorreTajo.jpg\" title=\"Torre del Tajo y Acantilados\"><\/li><li rel=\"https:\/\/eltrafalgar.com\/wp-content\/uploads\/2014\/02\/Playa-150x150.jpg\" contents=\"https:\/\/eltrafalgar.com\/wp-content\/uploads\/2014\/02\/Playa.jpg\" title=\"Playa de Los Ca\u00f1os y la Laja\"><\/li><li rel=\"https:\/\/eltrafalgar.com\/wp-content\/uploads\/2014\/02\/Atardecer-2-150x150.jpg\" contents=\"https:\/\/eltrafalgar.com\/wp-content\/uploads\/2014\/02\/Atardecer-2.jpg\" title=\"Atardecer\"><\/li><li rel=\"https:\/\/eltrafalgar.com\/wp-content\/uploads\/2014\/02\/TorreMeca-150x150.jpg\" contents=\"https:\/\/eltrafalgar.com\/wp-content\/uploads\/2014\/02\/TorreMeca.jpg\" title=\"La Torre de Meca\"><\/li><li rel=\"https:\/\/eltrafalgar.com\/wp-content\/uploads\/2014\/02\/DesdeelFaro-150x150.jpg\" contents=\"https:\/\/eltrafalgar.com\/wp-content\/uploads\/2014\/02\/DesdeelFaro.jpg\" title=\"Los Ca\u00f1os desde el Faro\"><\/li><li rel=\"https:\/\/eltrafalgar.com\/wp-content\/uploads\/2014\/02\/FaroDesdeCarretera-150x150.jpg\" contents=\"https:\/\/eltrafalgar.com\/wp-content\/uploads\/2014\/02\/FaroDesdeCarretera.jpg\" title=\"Faro desde la Carretera de Barbate\"><\/li><li rel=\"https:\/\/eltrafalgar.com\/wp-content\/uploads\/2014\/02\/Atardecer-3-150x150.jpg\" contents=\"https:\/\/eltrafalgar.com\/wp-content\/uploads\/2014\/02\/Atardecer-3.jpg\" title=\"Atardecer\"><\/li><\/ul><\/div><\/li><\/ul><\/strong><\/p>\n<p style=\"text-align: center;\"><span style=\"font-size: medium; color: #000000;\">No Sabemos la fecha Exacta de Apertura, pero el Trafalgar Fue el Primer Restaurante que Abri\u00f3 en Los Ca\u00f1os,\u00a0<\/span><span style=\"font-size: medium; color: #000000;\"><span style=\"line-height: 1.714285714;\">a Principios de los a\u00f1os 70.<\/span><\/span><\/p>\n<p style=\"text-align: center;\"><span style=\"font-size: medium; color: #000000;\"><span style=\"line-height: 1.714285714;\">Durante casi 30 a\u00f1os, la Gesti\u00f3n estuvo a Cargo de Elisabeth Cauillaud \u00abla Francesa\u00bb y Sus Hijos, Daniel e Isabel.<br \/>\n<\/span><\/span><\/p>\n<p style=\"text-align: center;\"><span style=\"font-size: medium; color: #000000;\"><span style=\"line-height: 1.714285714;\">En 2004, asumimos la Gesti\u00f3n Julia y Gustavo, emprendiendo una Renovaci\u00f3n Completa, desde las Instalaciones hasta la Carta,<br \/>\npero Siempre Intentando Mantener ese Encanto Especial que Tiene este Lugar.<\/span><\/span><\/p>\n<p style=\"text-align: center;\"><span style=\"line-height: 1.714285714; color: #000000; font-size: medium;\">El Trafalgar consta de Dos Ambientes bien Diferenciados: La Terraza y El Patio.<\/span><\/p>\n<p style=\"text-align: center;\"><span style=\"color: #000000; font-size: medium;\">Acomp\u00e1\u00f1anos, Te los Ense\u00f1amos..<\/span><\/p>\n<address>\u00a0\u00a0\u00a0<\/address>\n<table style=\"border: 0px solid #ffffff;\" border=\"0\" align=\"center\">\n<tbody>\n<tr>\n<td><span style=\"color: #ff6600;\"><strong><span style=\"font-family: 'Open Sans', Helvetica, Arial, sans-serif; font-size: medium;\"><ul class=\"cro_col_4 cro_gallerylist\"><\/ul><\/span><\/strong><\/span><\/td>\n<td><span style=\"color: #ff6600;\"><strong><span style=\"font-size: medium;\"><ul class=\"cro_col_4 cro_gallerylist\"><li class=\"widget-container\"><div class=\"imgouter galholderski\"><img loading=\"lazy\" decoding=\"async\" width=\"400\" height=\"270\" src=\"https:\/\/eltrafalgar.com\/wp-content\/uploads\/2017\/04\/Terraza-2-400x270.jpg\" class=\"attachment-banner size-banner wp-post-image\" alt=\"\" \/><h5 class=\"cro_accent cro_galtitle\">La Terraza<\/h5><ul class=\"cro_gallerycontentwidget\"><li rel=\"https:\/\/eltrafalgar.com\/wp-content\/uploads\/2014\/02\/Entrada2-150x150.jpg\" contents=\"https:\/\/eltrafalgar.com\/wp-content\/uploads\/2014\/02\/Entrada2.jpg\" title=\"Entrada\"><\/li><li rel=\"https:\/\/eltrafalgar.com\/wp-content\/uploads\/2017\/04\/Terraza-2-150x150.jpg\" contents=\"https:\/\/eltrafalgar.com\/wp-content\/uploads\/2017\/04\/Terraza-2.jpg\" title=\"Terraza de D\u00eda\"><\/li><li rel=\"https:\/\/eltrafalgar.com\/wp-content\/uploads\/2014\/02\/Entrada-150x150.jpg\" contents=\"https:\/\/eltrafalgar.com\/wp-content\/uploads\/2014\/02\/Entrada.jpg\" title=\"Entrada de Noche\"><\/li><li rel=\"https:\/\/eltrafalgar.com\/wp-content\/uploads\/2017\/04\/Terraza-3-150x150.jpg\" contents=\"https:\/\/eltrafalgar.com\/wp-content\/uploads\/2017\/04\/Terraza-3.jpg\" title=\"Terraza de D\u00eda\"><\/li><li rel=\"https:\/\/eltrafalgar.com\/wp-content\/uploads\/2014\/02\/Pasillo-150x150.jpg\" contents=\"https:\/\/eltrafalgar.com\/wp-content\/uploads\/2014\/02\/Pasillo.jpg\" title=\"Pasillo\"><\/li><li rel=\"https:\/\/eltrafalgar.com\/wp-content\/uploads\/2017\/04\/Terraza-de-D\u00eda-150x150.jpg\" contents=\"https:\/\/eltrafalgar.com\/wp-content\/uploads\/2017\/04\/Terraza-de-D\u00eda.jpg\" title=\"Terraza de D\u00eda\"><\/li><\/ul><\/div><\/li><\/ul><\/span><\/strong><\/span><\/td>\n<td><span style=\"color: #ff6600;\"><strong><span style=\"font-size: medium;\"><ul class=\"cro_col_4 cro_gallerylist\"><li class=\"widget-container\"><div class=\"imgouter galholderski\"><img loading=\"lazy\" decoding=\"async\" width=\"400\" height=\"270\" src=\"https:\/\/eltrafalgar.com\/wp-content\/uploads\/2017\/03\/Patio-3-Noche-400x270.jpg\" class=\"attachment-banner size-banner wp-post-image\" alt=\"\" \/><h5 class=\"cro_accent cro_galtitle\">El Patio<\/h5><ul class=\"cro_gallerycontentwidget\"><li rel=\"https:\/\/eltrafalgar.com\/wp-content\/uploads\/2014\/02\/Pozo2-150x150.jpg\" contents=\"https:\/\/eltrafalgar.com\/wp-content\/uploads\/2014\/02\/Pozo2.jpg\" title=\"Pozo del Patio\"><\/li><li rel=\"https:\/\/eltrafalgar.com\/wp-content\/uploads\/2017\/03\/Patio-Mediod\u00eda-1-1-150x150.jpg\" contents=\"https:\/\/eltrafalgar.com\/wp-content\/uploads\/2017\/03\/Patio-Mediod\u00eda-1-1.jpg\" title=\"Patio al Medidod\u00eda\"><\/li><li rel=\"https:\/\/eltrafalgar.com\/wp-content\/uploads\/2017\/04\/Patio-Por-la-Tarde-150x150.jpg\" contents=\"https:\/\/eltrafalgar.com\/wp-content\/uploads\/2017\/04\/Patio-Por-la-Tarde.jpg\" title=\"Patio por la Tarde\"><\/li><li rel=\"https:\/\/eltrafalgar.com\/wp-content\/uploads\/2017\/03\/Patio-3-Noche-150x150.jpg\" contents=\"https:\/\/eltrafalgar.com\/wp-content\/uploads\/2017\/03\/Patio-3-Noche.jpg\" title=\"Patio &#8211; Noche de Verano\"><\/li><li rel=\"https:\/\/eltrafalgar.com\/wp-content\/uploads\/2017\/03\/Patio-Noche-Velas-150x150.jpg\" contents=\"https:\/\/eltrafalgar.com\/wp-content\/uploads\/2017\/03\/Patio-Noche-Velas.jpg\" title=\"Patio &#8211; Noche de Verano\"><\/li><li rel=\"https:\/\/eltrafalgar.com\/wp-content\/uploads\/2017\/03\/Patio-2-Noche-1-150x150.jpg\" contents=\"https:\/\/eltrafalgar.com\/wp-content\/uploads\/2017\/03\/Patio-2-Noche-1.jpg\" title=\"Patio &#8211; Noche de Verano\"><\/li><li rel=\"https:\/\/eltrafalgar.com\/wp-content\/uploads\/2014\/02\/Patio-1-Noche-2-150x150.jpg\" contents=\"https:\/\/eltrafalgar.com\/wp-content\/uploads\/2014\/02\/Patio-1-Noche-2.jpg\" title=\"Patio &#8211; Noche de Verano\"><\/li><\/ul><\/div><\/li><\/ul><\/span><\/strong><\/span><\/td>\n<\/tr>\n<tr>\n<td style=\"text-align: center;\" colspan=\"3\"><\/td>\n<\/tr>\n<\/tbody>\n<\/table>\n","protected":false},"excerpt":{"rendered":"<p>El Trafalgar est\u00e1 Ubicado en el Centro de Los Ca\u00f1os de Meca, C\u00e1diz, Andaluc\u00eda, Espa\u00f1a. Un Lugar Privilegiado. Si lo Conoces, Qu\u00e9 Te Vamos a Contar&#8230; Si No lo Conoces, Te Dejamos algunas Fotos. Ven Pronto, Vale la Pena. No Sabemos la fecha Exacta de Apertura, pero el Trafalgar Fue el Primer Restaurante que Abri\u00f3&hellip;<\/p>\n","protected":false},"author":1,"featured_media":2899,"parent":0,"menu_order":0,"comment_status":"open","ping_status":"closed","template":"","meta":{"footnotes":""},"class_list":["post-918","page","type-page","status-publish","has-post-thumbnail","hentry"],"_links":{"self":[{"href":"https:\/\/eltrafalgar.com\/index.php?rest_route=\/wp\/v2\/pages\/918"}],"collection":[{"href":"https:\/\/eltrafalgar.com\/index.php?rest_route=\/wp\/v2\/pages"}],"about":[{"href":"https:\/\/eltrafalgar.com\/index.php?rest_route=\/wp\/v2\/types\/page"}],"author":[{"embeddable":true,"href":"https:\/\/eltrafalgar.com\/index.php?rest_route=\/wp\/v2\/users\/1"}],"replies":[{"embeddable":true,"href":"https:\/\/eltrafalgar.com\/index.php?rest_route=%2Fwp%2Fv2%2Fcomments&post=918"}],"version-history":[{"count":2,"href":"https:\/\/eltrafalgar.com\/index.php?rest_route=\/wp\/v2\/pages\/918\/revisions"}],"predecessor-version":[{"id":3235,"href":"https:\/\/eltrafalgar.com\/index.php?rest_route=\/wp\/v2\/pages\/918\/revisions\/3235"}],"wp:featuredmedia":[{"embeddable":true,"href":"https:\/\/eltrafalgar.com\/index.php?rest_route=\/wp\/v2\/media\/2899"}],"wp:attachment":[{"href":"https:\/\/eltrafalgar.com\/index.php?rest_route=%2Fwp%2Fv2%2Fmedia&parent=918"}],"curies":[{"name":"wp","href":"https:\/\/api.w.org\/{rel}","templated":true}]}}