{"id":54,"date":"2013-01-23T09:32:15","date_gmt":"2013-01-23T08:32:15","guid":{"rendered":"http:\/\/copy.cro.ma\/bistro\/?page_id=54"},"modified":"2014-02-08T10:59:29","modified_gmt":"2014-02-08T09:59:29","slug":"driving-directions","status":"publish","type":"page","link":"https:\/\/eltrafalgar.com\/?page_id=54","title":{"rendered":"C\u00f3mo Llegar en Coche"},"content":{"rendered":"<h4 style=\"text-align: center;\"><span style=\"color: #ff6600;\">Planificador de Ruta en Coche<\/span><\/h4>\n<p style=\"text-align: center;\"><span style=\"line-height: 1.714285714; font-size: medium; color: #000000;\">Rellena Tu Direcci\u00f3n de Origen.<\/span><\/p>\n<p style=\"text-align: center;\"><span style=\"line-height: 1.714285714; font-size: medium; color: #000000;\">Pulsa el Bot\u00f3n\u00a0<span style=\"color: #ff6600;\"><strong>Calcular.<\/strong><\/span><\/span><\/p>\n<p style=\"text-align: center;\"><span style=\"line-height: 1.714285714; font-size: medium; color: #000000;\">Google Maps te Mostrar\u00e1 la Ruta Detallada para Llegar hasta Aqu\u00ed.<\/span><\/p>\n<p style=\"text-align: center;\"><span style=\"line-height: 1.714285714; font-size: medium; color: #000000;\">As\u00ed de F\u00e1cil.<\/span><\/p>\n<p><span style=\"font-size: medium; color: #000000;\"><div class=\"six column\"><ul class=\"cro_directionscal\">\n                     <li class=\"dir-label\">Origen:<\/li>\n                    <li><input id=\"from-input\" type=text value=\"\"\/><\/li>\n                     <li><input id=\"to-input\" type=hidden value=\"Avenida de Trafalgar, 96 - 11159 - Los Ca\u00f1os de Meca - C\u00e1diz - Andaluc\u00eda - Espa\u00f1a\"\/><\/li>\n                     <li class=\"dir-label\">Destino:<\/li>\n                    <li><strong>Avenida de Trafalgar, 96 - 11159 - Los Ca\u00f1os de Meca - C\u00e1diz - Andaluc\u00eda - Espa\u00f1a<\/strong><\/li>\n                    <li><input id=\"driveclick\" class=\"\" onclick=\"Demo.getDirections();\" type=button value=\"Calcular Ruta\"\/><\/li>\n                <\/ul>\n                <p> <\/p>\n                <div id=\"dir-container\"><\/div><\/div><div class=\"six column\"><div id=\"map-container\"><\/div><\/div><div class=\"clearfix\"><\/div>\n        <script type=\"text\/javascript\">\n                    var Demo = {\n                        mapContainer: document.getElementById(\"map-container\"),\n                        dirContainer: document.getElementById(\"dir-container\"),\n                        fromInput: document.getElementById(\"from-input\"),\n                        toInput: document.getElementById(\"to-input\"),\n\n                        dirService: new google.maps.DirectionsService(),\n                        dirRenderer: new google.maps.DirectionsRenderer(),\n                        map: null,\n\n                        showDirections: function(dirResult, dirStatus) {\n                            if (dirStatus != google.maps.DirectionsStatus.OK) {\n                                alert(\"Directions failed: \" + dirStatus);\n                                return;\n                            }\n\n                            Demo.dirRenderer.setMap(Demo.map);\n                             Demo.dirRenderer.setPanel(Demo.dirContainer);\n                             Demo.dirRenderer.setDirections(dirResult);\n                        },\n\n                        getDirections: function() {\n                            var fromStr = Demo.fromInput.value;\n                            var toStr = Demo.toInput.value;\n                            var dirRequest = {\n                                origin: fromStr,\n                                destination: toStr,\n                                travelMode: google.maps.DirectionsTravelMode.DRIVING,\n                                unitSystem: google.maps.DirectionsUnitSystem.METRIC,\n                                provideRouteAlternatives: true\n                            };\n                            Demo.dirService.route(dirRequest, Demo.showDirections);\n                        },\n\n                        init: function() {\n                            var image = \"https:\/\/eltrafalgar.com\/wp-content\/themes\/Bistro-Responsive_Foodie_App-Theme\/public\/styles\/images\/mpmrk.png\";\n                            var latLng = new google.maps.LatLng(36.18587833108717, -6.0119806262868705);\n                                Demo.map = new google.maps.Map(Demo.mapContainer, {\n                                zoom: 16,\n                                center: latLng,\n                                mapTypeId: google.maps.MapTypeId.ROADMAP\n                            });\n                                    \n                        var marker = new google.maps.Marker({\n                            position: latLng, \n                            map: Demo.map,\n                            icon: image\n                        });  \n                     }                               \n                };\n                google.maps.event.addDomListener(window, \"load\", Demo.init);\n            <\/script><\/span><\/p>\n<h4 style=\"text-align: center;\"><span style=\"color: #ff6600;\">Aparcar en Los Ca\u00f1os<\/span><\/h4>\n<p style=\"text-align: center;\"><span style=\"font-size: medium; color: #000000;\">Estamos en el Centro de Los Ca\u00f1os, en la Calle Principal, la Avenida de Trafalgar, 96.<\/span><\/p>\n<p style=\"text-align: center;\"><span style=\"font-size: medium; color: #000000;\">En la misma Avenida y en las calles adyacentes, hay muchas plazas de aparcamiento, normalmente libres.<\/span><\/p>\n<p style=\"text-align: center;\"><span style=\"font-size: medium; color: #000000;\">Se complica m\u00e1s en Julio y en Agosto. Pero se puede Aparcar.<\/span><\/p>\n<p style=\"text-align: center;\"><span style=\"color: #000000; font-size: medium; line-height: 1.714285714;\">Los Ca\u00f1os es un lugar peque\u00f1o, as\u00ed que pr\u00e1cticamente en cualquier lugar que aparques, estar\u00e1s a un Paseito de Nosotros.<\/span><\/p>\n","protected":false},"excerpt":{"rendered":"<p>Planificador de Ruta en Coche Rellena Tu Direcci\u00f3n de Origen. Pulsa el Bot\u00f3n\u00a0Calcular. Google Maps te Mostrar\u00e1 la Ruta Detallada para Llegar hasta Aqu\u00ed. As\u00ed de F\u00e1cil. Aparcar en Los Ca\u00f1os Estamos en el Centro de Los Ca\u00f1os, en la Calle Principal, la Avenida de Trafalgar, 96. En la misma Avenida y en las calles&hellip;<\/p>\n","protected":false},"author":1,"featured_media":0,"parent":0,"menu_order":0,"comment_status":"open","ping_status":"closed","template":"","meta":{"footnotes":""},"class_list":["post-54","page","type-page","status-publish","hentry"],"_links":{"self":[{"href":"https:\/\/eltrafalgar.com\/index.php?rest_route=\/wp\/v2\/pages\/54"}],"collection":[{"href":"https:\/\/eltrafalgar.com\/index.php?rest_route=\/wp\/v2\/pages"}],"about":[{"href":"https:\/\/eltrafalgar.com\/index.php?rest_route=\/wp\/v2\/types\/page"}],"author":[{"embeddable":true,"href":"https:\/\/eltrafalgar.com\/index.php?rest_route=\/wp\/v2\/users\/1"}],"replies":[{"embeddable":true,"href":"https:\/\/eltrafalgar.com\/index.php?rest_route=%2Fwp%2Fv2%2Fcomments&post=54"}],"version-history":[{"count":0,"href":"https:\/\/eltrafalgar.com\/index.php?rest_route=\/wp\/v2\/pages\/54\/revisions"}],"wp:attachment":[{"href":"https:\/\/eltrafalgar.com\/index.php?rest_route=%2Fwp%2Fv2%2Fmedia&parent=54"}],"curies":[{"name":"wp","href":"https:\/\/api.w.org\/{rel}","templated":true}]}}