{"id":41,"date":"2013-01-23T08:22:59","date_gmt":"2013-01-23T07:22:59","guid":{"rendered":"http:\/\/copy.cro.ma\/bistro\/?page_id=41"},"modified":"2014-03-29T21:20:05","modified_gmt":"2014-03-29T20:20:05","slug":"contacts","status":"publish","type":"page","link":"https:\/\/eltrafalgar.com\/?page_id=41","title":{"rendered":"C\u00f3mo Llegar"},"content":{"rendered":"<p><span style=\"font-size: medium; color: #000000;\"><div class=\"six column\"><\/span><\/p>\n<p><span style=\"font-size: medium; color: #000000;\"><ul class=\"ctclabels\"><li class=\"ctcclearside\" style=\"height: auto;\"><h4 class=\"cro_accent\">Detalles<\/h4><\/li><li class=\"ctclabelside\">Horario:<\/li><li class=\"ctcinfoside\">14:30-17:30 -> Findes\r\n21:00-0:00 -> Todas las Noches<\/li><li class=\"ctcclearside\"><\/li><li class=\"ctclabelside\">Direccion:<\/li><li class=\"ctcinfoside\">Avenida de Trafalgar, 96 - 11159 - Los Ca\u00f1os de Meca - C\u00e1diz - Andaluc\u00eda - Espa\u00f1a<\/li><li class=\"ctcclearside\"><\/li><li class=\"ctclabelside\">Telefono:<\/li><li class=\"ctcinfoside\">+34 956 437 121<\/li><li class=\"ctcclearside\"><\/li><li class=\"ctclabelside\">Email:<\/li><li class=\"ctcinfoside\">info@eltrafalgar.com<\/li><li class=\"ctcclearside\"><\/li><\/ul><\/span><\/p>\n<p><span style=\"font-size: medium; color: #000000;\"><form id=\"ctcform\" action=\"post\"><h4 class=\"cro_accent\">Contacta con Nosotros<\/h4><p><label for=\"cro_form_name\">Nombre:<\/label><input type=\"text\" name=\"cro_form_name\" class=\"cro_validateform\" contents=\"cro_ct\" id=\"cro_form_name\" val=\"\"><\/p><p><label for=\"cro_form_name\">Telefono:<\/label><input type=\"text\" name=\"cro_form_tel\" class=\"cro_validateform\" contents=\"cro_ct\" id=\"cro_form_tel\" val=\"\"><\/p><p><label for=\"cro_form_mail\">Email:<\/label><input type=\"text\" name=\"cro_form_mail\" class=\"cro_validateform\" contents=\"cro_ct\" id=\"cro_form_mail\" val=\"\"><\/p><p><label for=\"cro_form_mail\">Comentarios:<\/label><textarea name=\"cro_form_cmmt\" class=\"cro_validateform\" contents=\"cro_ct\" id=\"cro_form_cmmt\"><\/textarea><\/p><input type=\"hidden\" name=\"cro_formloc\" id=\"cro_form_loc\" val=\"0\"><p class=\"locmail\"><label for=\"cro_form_mail\">Localizacion:<\/label><input type=\"text\" name=\"cro_form_loc\" class=\"cro_validateform\" contents=\"cro_loc\" id=\"cro_form_loc\" val=\"\"><\/p><div class=\"valmess\">\n                    <div class=\"booksuccess\">Gracias por tu Mensaje. \r\nNos pondremos en Contacto Contigo en Breve<\/div>\n                    <div class=\"bookerror\">No Hemos Podido Procesar Tu Mensaje.\r\nPor favor, Revisa el Contenido y Vuelve a Intentarlo.\r\nMuchas Gracias<\/div>\n                <\/div><p><input type=\"submit\" name=\"cro_form_sub\" id=\"cro_form_sub\" val=\"Submit\"><\/p><div class=\"cro_bookingsoverlay1\">\n                <div class=\"bookingsldr\"><\/div>\n                <div class=\"cro_ldrmess\">\n                    Enviando...\n                <\/div>\n            <\/div><\/form><\/span><\/p>\n<p><span style=\"font-size: medium; color: #000000;\"><\/div><div class=\"six column\"><\/span><\/p>\n<p><span style=\"font-size: medium; color: #000000;\"><script type=\"text\/javascript\">\n                    function initialize() {\n                        var myLatlng = new google.maps.LatLng(36.18587833108717, -6.0119806262868705);\n\n\n                        var myOptions = {\n                            zoom: 16,\n                            center: myLatlng,\n                            mapTypeId: google.maps.MapTypeId.ROADMAP,\n                            streetViewControl: true\n\n                        }\n\n                        var map = new google.maps.Map(document.getElementById(\"map_canvas\"), myOptions);\n        \n                        var marker = new google.maps.Marker({\n                            position: myLatlng, \n                            map: map, \n                            title:\"Hello World!\"\n                        }); \n                        panoramaOptions = {\n                            addressControl: false,\n                            position: myLatlng,\n                            pov: {\n                                heading: 10,\n                                pitch: +10,\n                                zoom: 2\n                            }\n                        };\n                        panorama = new  google.maps.StreetViewPanorama(document.getElementById(\"map_canvas2\"), panoramaOptions);\n                        map.setStreetView(panorama);\n                    }\n                <\/script>\n            <div class=\"cro_drivedirections\"><a href=\"http:\/\/eltrafalgar.com\/?page_id=54\">\u00bfVienes en coche?, Pulsa Aqu\u00ed<\/a><\/div><div id=\"map_canvas\"  style=\"height: 400px;\" ><\/div>  <div id=\"map_canvas2\"  style=\"height: 400px;\" ><\/div>  <\/span><\/p>\n<p><span style=\"font-size: medium; color: #000000;\"><\/div><span class=\"clearfix\"> <\/span><\/span><\/p>\n<p>&nbsp;<\/p>\n<p>&nbsp;<\/p>\n","protected":false},"excerpt":{"rendered":"<p>&nbsp; &nbsp;<\/p>\n","protected":false},"author":1,"featured_media":0,"parent":0,"menu_order":0,"comment_status":"open","ping_status":"closed","template":"","meta":{"footnotes":""},"class_list":["post-41","page","type-page","status-publish","hentry"],"_links":{"self":[{"href":"https:\/\/eltrafalgar.com\/index.php?rest_route=\/wp\/v2\/pages\/41"}],"collection":[{"href":"https:\/\/eltrafalgar.com\/index.php?rest_route=\/wp\/v2\/pages"}],"about":[{"href":"https:\/\/eltrafalgar.com\/index.php?rest_route=\/wp\/v2\/types\/page"}],"author":[{"embeddable":true,"href":"https:\/\/eltrafalgar.com\/index.php?rest_route=\/wp\/v2\/users\/1"}],"replies":[{"embeddable":true,"href":"https:\/\/eltrafalgar.com\/index.php?rest_route=%2Fwp%2Fv2%2Fcomments&post=41"}],"version-history":[{"count":0,"href":"https:\/\/eltrafalgar.com\/index.php?rest_route=\/wp\/v2\/pages\/41\/revisions"}],"wp:attachment":[{"href":"https:\/\/eltrafalgar.com\/index.php?rest_route=%2Fwp%2Fv2%2Fmedia&parent=41"}],"curies":[{"name":"wp","href":"https:\/\/api.w.org\/{rel}","templated":true}]}}