{"id":254,"date":"2013-01-25T20:08:36","date_gmt":"2013-01-25T19:08:36","guid":{"rendered":"http:\/\/copy.cro.ma\/bistro\/?page_id=254"},"modified":"2024-07-13T14:53:45","modified_gmt":"2024-07-13T12:53:45","slug":"infantil","status":"publish","type":"page","link":"https:\/\/eltrafalgar.com\/?page_id=254","title":{"rendered":"Men\u00fa Infantil"},"content":{"rendered":"<h4 style=\"text-align: center;\"><span style=\"color: #000000;\"><strong>Todas las noches. Para los m\u00e1s peque\u00f1os, Hasta los 8 A\u00f1os.<\/strong><br \/>\n<\/span><\/h4>\n<h3 style=\"text-align: center;\"><span style=\"color: #008000;\">Pizza de Jam\u00f3n y Queso<\/span><\/h3>\n<h5 style=\"text-align: center;\"><strong><span style=\"color: #000000;\">Salsa de Tomate, Mozzarella Extra, Or\u00e9gano, Jam\u00f3n Cocido Natural y Bacon Especial Ahumado<\/span><\/strong><\/h5>\n<h4 style=\"text-align: center;\">\n\u00d3<\/h4>\n<h3 style=\"text-align: center;\"><span style=\"color: #ff0000;\">Hamburguesa de Retinto<\/span><\/h3>\n<h5 style=\"text-align: center;\"><strong>125 Grs. de Carne de Vaca Retinta 100% Certificada, Cocinada en la Parrilla de Carb\u00f3n Vegetal<\/strong><br \/>\n<strong>Con Lechuga Romana y Rodajas de Tomate de Conil.<\/strong><br \/>\n<strong>Acompa\u00f1ada con Patatas Fritas en Gajos con Piel.<\/strong><\/h5>\n<h5 style=\"text-align: center;\">Pan de Hamburguesa Sin Gluten &#8230;&#8230;&#8230;&#8230;&#8230;&#8230;&#8230;&#8230;&#8230;&#8230;&#8230;&#8230;&#8230;&#8230;&#8230;&#8230;&#8230; + 2,50.-<\/h5>\n<p style=\"text-align: center;\">&#8212;&#8212;&#8212;&#8212;&#8212;&#8212;&#8212;&#8212;<\/p>\n<h3 style=\"text-align: center;\"><span style=\"color: #ff00ff;\">Bebida<\/span><\/h3>\n<h5 style=\"text-align: center;\">\n<span style=\"color: #000000;\"> Una Bebida a Elegir Entre:<br \/>\n<strong>Agua Mineral Sol\u00e1n de Cabras &#8211; 50 cl, Zumo de Pi\u00f1a o Melocot\u00f3n &#8211; 20 cl.<\/strong><br \/>\n<\/span><\/h5>\n<h5 style=\"text-align: center;\"><span style=\"color: #000000;\">Opcionalmente:<br \/>\n<strong>Coca Cola, Coca Cola Zero, Fanta Naranja o Lim\u00f3n \u2013 35 cl. &#8211; +1,00.- \u20ac<\/strong><\/span><\/h5>\n<p style=\"text-align: center;\">&#8212;&#8212;&#8212;&#8212;&#8212;&#8212;&#8212;&#8212;<\/p>\n<h3 style=\"text-align: center;\"><span style=\"color: #3366ff;\">Postre<\/span><\/h3>\n<h5 style=\"text-align: center;\">Tarrina de Helado \/ Fruta del D\u00eda, Cons\u00faltanos<\/h5>\n<h2 style=\"text-align: center;\"><span style=\"color: #ff0000;\">9,80<em>.- \u20ac<\/em><\/span><\/h2>\n","protected":false},"excerpt":{"rendered":"<p>Todas las noches. Para los m\u00e1s peque\u00f1os, Hasta los 8 A\u00f1os. Pizza de Jam\u00f3n y Queso Salsa de Tomate, Mozzarella Extra, Or\u00e9gano, Jam\u00f3n Cocido Natural y Bacon Especial Ahumado \u00d3 Hamburguesa de Retinto 125 Grs. de Carne de Vaca Retinta 100% Certificada, Cocinada en la Parrilla de Carb\u00f3n Vegetal Con Lechuga Romana y Rodajas de&hellip;<\/p>\n","protected":false},"author":1,"featured_media":0,"parent":0,"menu_order":0,"comment_status":"open","ping_status":"closed","template":"","meta":{"footnotes":""},"class_list":["post-254","page","type-page","status-publish","hentry"],"_links":{"self":[{"href":"https:\/\/eltrafalgar.com\/index.php?rest_route=\/wp\/v2\/pages\/254"}],"collection":[{"href":"https:\/\/eltrafalgar.com\/index.php?rest_route=\/wp\/v2\/pages"}],"about":[{"href":"https:\/\/eltrafalgar.com\/index.php?rest_route=\/wp\/v2\/types\/page"}],"author":[{"embeddable":true,"href":"https:\/\/eltrafalgar.com\/index.php?rest_route=\/wp\/v2\/users\/1"}],"replies":[{"embeddable":true,"href":"https:\/\/eltrafalgar.com\/index.php?rest_route=%2Fwp%2Fv2%2Fcomments&post=254"}],"version-history":[{"count":7,"href":"https:\/\/eltrafalgar.com\/index.php?rest_route=\/wp\/v2\/pages\/254\/revisions"}],"predecessor-version":[{"id":3467,"href":"https:\/\/eltrafalgar.com\/index.php?rest_route=\/wp\/v2\/pages\/254\/revisions\/3467"}],"wp:attachment":[{"href":"https:\/\/eltrafalgar.com\/index.php?rest_route=%2Fwp%2Fv2%2Fmedia&parent=254"}],"curies":[{"name":"wp","href":"https:\/\/api.w.org\/{rel}","templated":true}]}}