{"id":1111,"date":"2014-02-03T13:56:40","date_gmt":"2014-02-03T12:56:40","guid":{"rendered":"http:\/\/eltrafalgar.com\/?page_id=1111"},"modified":"2020-07-23T20:22:00","modified_gmt":"2020-07-23T18:22:00","slug":"postres","status":"publish","type":"page","link":"https:\/\/eltrafalgar.com\/?page_id=1111","title":{"rendered":"Postres Artesanos"},"content":{"rendered":"<p style=\"text-align: center;\"><span style=\"font-size: medium; color: #333333;\">Para Terminar con Sabor Dulce, para Compartirlos, para los Golosos, para. . .<\/span><\/p>\n<p style=\"text-align: center;\"><span style=\"font-size: medium; color: #333333;\">No Busques Excusas, a Nosotros Tambi\u00e9n Nos Encantan los Postres&#8230;<\/p>\n<p>Todos Nuestros Postres los Hacemos Nosotros cada D\u00eda, luego Son Artesanos&#8230;<\/span><\/p>\n<p style=\"text-align: center;\">\n<p><span style=\"font-size: medium; color: #333333;\"><ul class=\"cro_mainstay \"><li  class=\"mainstayli\"> <div class=\"cro_mainstayimg\"><img loading=\"lazy\" decoding=\"async\" width=\"150\" height=\"150\" src=\"https:\/\/eltrafalgar.com\/wp-content\/uploads\/2014\/02\/Tiramisu-150x150.jpg\" class=\"attachment-thumbnail size-thumbnail wp-post-image\" alt=\"Postres\" \/><\/div><div class=\"cro_mainstaybody\"><span class=\"cro_foodprice\">4,40.- \u20ac<\/span><h5 class=\"mainstayhead\">Tiramis\u00fa Artesano<\/h5><p class=\"mainstayp\"><span style=\"font-size: medium; color: #000000;\">Exquisito Postre Italiano para los Amantes del Dulce y\r\nel Caf\u00e9. Combina los Sabores Suaves del Queso Mascarpone y de los Bizcochos Savoiardi con la Intensidad del Caf\u00e9 y el Licor Amaretto.\r\n<a><img loading=\"lazy\" decoding=\"async\" class=\"alignnone size-full wp-image-2980\" src=\"http:\/\/eltrafalgar.com\/wp-content\/uploads\/2016\/09\/39-gluten.jpg\" alt=\"39-gluten\" width=\"39\" height=\"39\" \/><img loading=\"lazy\" decoding=\"async\" class=\"alignnone size-full wp-image-2988\" src=\"http:\/\/eltrafalgar.com\/wp-content\/uploads\/2016\/09\/39-lacteos.jpg\" alt=\"39-lacteos\" width=\"39\" height=\"39\" \/><img loading=\"lazy\" decoding=\"async\" class=\"alignnone size-full wp-image-2994\" src=\"http:\/\/eltrafalgar.com\/wp-content\/uploads\/2016\/09\/39-huevo.jpg\" alt=\"39-huevos\" width=\"39\" height=\"39\" \/><\/a><\/span>\r\n\r\n&nbsp;<\/p><\/div><div class=\"clearfix\"><\/div><\/li><li  class=\"mainstayli\"> <div class=\"cro_mainstayimg\"><img loading=\"lazy\" decoding=\"async\" width=\"150\" height=\"150\" src=\"https:\/\/eltrafalgar.com\/wp-content\/uploads\/2014\/02\/Brownie-150x150.jpg\" class=\"attachment-thumbnail size-thumbnail wp-post-image\" alt=\"Brownie\" \/><\/div><div class=\"cro_mainstaybody\"><span class=\"cro_foodprice\">4,40.- \u20ac<\/span><h5 class=\"mainstayhead\">Brownie con Helado<\/h5><p class=\"mainstayp\">Bizcocho de Chocolate con Nueces, Esponjoso por Dentro y Crujiente por Fuera.\r\nServido con Helado de Vainilla y Cubierto de Chocolate Negro Fundido.\r\n\r\n<span style=\"font-size: medium; color: #000000;\"><a><img loading=\"lazy\" decoding=\"async\" class=\"alignnone size-full wp-image-2980\" src=\"http:\/\/eltrafalgar.com\/wp-content\/uploads\/2016\/09\/39-gluten.jpg\" alt=\"39-gluten\" width=\"39\" height=\"39\" \/><img loading=\"lazy\" decoding=\"async\" class=\"alignnone size-full wp-image-2988\" src=\"http:\/\/eltrafalgar.com\/wp-content\/uploads\/2016\/09\/39-lacteos.jpg\" alt=\"39-lacteos\" width=\"39\" height=\"39\" \/><img loading=\"lazy\" decoding=\"async\" class=\"alignnone size-full wp-image-2994\" src=\"http:\/\/eltrafalgar.com\/wp-content\/uploads\/2016\/09\/39-huevo.jpg\" alt=\"39-huevos\" width=\"39\" height=\"39\" \/><\/a><\/span><\/p><\/div><div class=\"clearfix\"><\/div><\/li><li  class=\"mainstayli\"> <div class=\"cro_mainstayimg\"><img loading=\"lazy\" decoding=\"async\" width=\"150\" height=\"150\" src=\"https:\/\/eltrafalgar.com\/wp-content\/uploads\/2014\/02\/tarta-de-queso-150x150.jpg\" class=\"attachment-thumbnail size-thumbnail wp-post-image\" alt=\"Tarta de Queso\" srcset=\"https:\/\/eltrafalgar.com\/wp-content\/uploads\/2014\/02\/tarta-de-queso-150x150.jpg 150w, https:\/\/eltrafalgar.com\/wp-content\/uploads\/2014\/02\/tarta-de-queso-300x300.jpg 300w, https:\/\/eltrafalgar.com\/wp-content\/uploads\/2014\/02\/tarta-de-queso.jpg 454w\" sizes=\"(max-width: 150px) 100vw, 150px\" \/><\/div><div class=\"cro_mainstaybody\"><span class=\"cro_foodprice\">4,40.- \u20ac<\/span><h5 class=\"mainstayhead\">Tarta de Queso con Frambuesa<\/h5><p class=\"mainstayp\"><span style=\"color: #333333; font-size: medium;\">Tarta con la Base de Galletas Molidas y Queso Crema Fresco.\r\nServida con una Cobertura de Mermelada de Frambuesas.<\/span>\r\n\r\n<a><img loading=\"lazy\" decoding=\"async\" class=\"alignnone size-full wp-image-2980\" src=\"http:\/\/eltrafalgar.com\/wp-content\/uploads\/2016\/09\/39-gluten.jpg\" alt=\"39-gluten\" width=\"39\" height=\"39\" \/><img loading=\"lazy\" decoding=\"async\" class=\"alignnone size-full wp-image-2988\" src=\"http:\/\/eltrafalgar.com\/wp-content\/uploads\/2016\/09\/39-lacteos.jpg\" alt=\"39-lacteos\" width=\"39\" height=\"39\" \/><\/a><\/p><\/div><div class=\"clearfix\"><\/div><\/li><\/ul><\/span><\/p>\n<h3 style=\"text-align: center;\"><span style=\"color: #ff6600;\">AL\u00c9RGENOS<\/span><\/h3>\n<h4 style=\"text-align: center;\"><span style=\"color: #ff6600;\">Los Platos Se\u00f1alados con estos Iconos, Contienen o Pueden Contener :<\/span><\/h4>\n<h4 style=\"text-align: center;\"><span style=\"color: #ff6600;\"><a><img loading=\"lazy\" decoding=\"async\" class=\"alignnone size-full wp-image-2990\" src=\"http:\/\/eltrafalgar.com\/wp-content\/uploads\/2016\/09\/39-gluten.jpg\" alt=\"39-gluten\" width=\"39\" height=\"39\" \/><\/a>\u00a0Gluten<a><img loading=\"lazy\" decoding=\"async\" class=\"alignnone size-full wp-image-2990\" src=\"http:\/\/eltrafalgar.com\/wp-content\/uploads\/2016\/09\/39-lacteos.jpg\" alt=\"39-lacteos\" width=\"39\" height=\"39\" \/><\/a>\u00a0L\u00e1cteos<a><img loading=\"lazy\" decoding=\"async\" class=\"alignnone size-full wp-image-2990\" src=\"http:\/\/eltrafalgar.com\/wp-content\/uploads\/2016\/09\/39-huevo.jpg\" alt=\"39-huevo\" width=\"39\" height=\"39\" \/><\/a>\u00a0Huevo<\/span><\/h4>\n<p><span style=\"font-size: medium; color: #333333;\">\r\n\t<div class=\"slideshow_container slideshow_container_slideshow-jquery-image-gallery-custom-styles_2\" style=\"height: 268px; \" data-slideshow-id=\"1061\" data-style-name=\"slideshow-jquery-image-gallery-custom-styles_2\" data-style-version=\"1391901497\" >\r\n\r\n\t\t\t\t\t<div class=\"slideshow_loading_icon\"><\/div>\r\n\t\t\r\n\t\t<div class=\"slideshow_content\" style=\"display: none;\">\r\n\r\n\t\t\t<div class=\"slideshow_view\">\r\n\t\t\t\t<div class=\"slideshow_slide slideshow_slide_image\">\r\n\t\t\t\t\t<a href=\"http:\/\/eltrafalgar.com\/?page_id=1096\" target=\"_self\" >\t\t\t\t\t\t<img src=\"https:\/\/eltrafalgar.com\/wp-content\/uploads\/2014\/02\/Morrillo.jpg\" alt=\"At\u00fan Rojo de Almadraba\" width=\"300\" height=\"225\" \/>\r\n\t\t\t\t\t<\/a>\t\t\t\t\t<div class=\"slideshow_description_box slideshow_transparent\">\r\n\t\t\t\t\t\t<div class=\"slideshow_title\"><a href=\"http:\/\/eltrafalgar.com\/?page_id=1096\" target=\"_self\" >At\u00fan Rojo de Almadraba<\/a><\/div>\t\t\t\t\t\t\t\t\t\t\t<\/div>\r\n\t\t\t\t<\/div>\r\n\r\n\t\t\t\t\t\t\r\n\t\t\t\t<div class=\"slideshow_slide slideshow_slide_image\">\r\n\t\t\t\t\t<a href=\"http:\/\/eltrafalgar.com\/?page_id=1044\" target=\"_self\" >\t\t\t\t\t\t<img src=\"https:\/\/eltrafalgar.com\/wp-content\/uploads\/2014\/02\/HamburguesaMediterranea.jpg\" alt=\"Hamburguesas\" width=\"250\" height=\"188\" \/>\r\n\t\t\t\t\t<\/a>\t\t\t\t\t<div class=\"slideshow_description_box slideshow_transparent\">\r\n\t\t\t\t\t\t<div class=\"slideshow_title\"><a href=\"http:\/\/eltrafalgar.com\/?page_id=1044\" target=\"_self\" >Hamburguesas<\/a><\/div>\t\t\t\t\t\t\t\t\t\t\t<\/div>\r\n\t\t\t\t<\/div>\r\n\r\n\t\t\t\t\t\t\r\n\t\t\t\t<div class=\"slideshow_slide slideshow_slide_image\">\r\n\t\t\t\t\t<a href=\"http:\/\/eltrafalgar.com\/?page_id=1044\" target=\"_self\" >\t\t\t\t\t\t<img src=\"https:\/\/eltrafalgar.com\/wp-content\/uploads\/2014\/02\/Entrantes.jpg\" alt=\"Entrantes\" width=\"250\" height=\"188\" \/>\r\n\t\t\t\t\t<\/a>\t\t\t\t\t<div class=\"slideshow_description_box slideshow_transparent\">\r\n\t\t\t\t\t\t<div class=\"slideshow_title\"><a href=\"http:\/\/eltrafalgar.com\/?page_id=1044\" target=\"_self\" >Entrantes<\/a><\/div>\t\t\t\t\t\t\t\t\t\t\t<\/div>\r\n\t\t\t\t<\/div>\r\n\r\n\t\t\t\t\t\t<div style=\"clear: both;\"><\/div><\/div><div class=\"slideshow_view\">\r\n\t\t\t\t<div class=\"slideshow_slide slideshow_slide_image\">\r\n\t\t\t\t\t<a href=\"http:\/\/eltrafalgar.com\/?page_id=1074 \" target=\"_self\" >\t\t\t\t\t\t<img src=\"https:\/\/eltrafalgar.com\/wp-content\/uploads\/2014\/02\/Carnes.jpg\" alt=\"Carnes\" width=\"250\" height=\"188\" \/>\r\n\t\t\t\t\t<\/a>\t\t\t\t\t<div class=\"slideshow_description_box slideshow_transparent\">\r\n\t\t\t\t\t\t<div class=\"slideshow_title\"><a href=\"http:\/\/eltrafalgar.com\/?page_id=1074 \" target=\"_self\" >Carnes a la Parrilla<\/a><\/div>\t\t\t\t\t\t\t\t\t\t\t<\/div>\r\n\t\t\t\t<\/div>\r\n\r\n\t\t\t\t\t\t\r\n\t\t\t\t<div class=\"slideshow_slide slideshow_slide_image\">\r\n\t\t\t\t\t<a href=\" http:\/\/eltrafalgar.com\/?page_id=1084\" target=\"_self\" >\t\t\t\t\t\t<img src=\"https:\/\/eltrafalgar.com\/wp-content\/uploads\/2014\/02\/Pescados1.jpg\" alt=\"Pescados\" width=\"250\" height=\"188\" \/>\r\n\t\t\t\t\t<\/a>\t\t\t\t\t<div class=\"slideshow_description_box slideshow_transparent\">\r\n\t\t\t\t\t\t<div class=\"slideshow_title\"><a href=\" http:\/\/eltrafalgar.com\/?page_id=1084\" target=\"_self\" >Pescados a la Parrilla<\/a><\/div>\t\t\t\t\t\t\t\t\t\t\t<\/div>\r\n\t\t\t\t<\/div>\r\n\r\n\t\t\t\t\t\t\r\n\t\t\t\t<div class=\"slideshow_slide slideshow_slide_image\">\r\n\t\t\t\t\t<a href=\"http:\/\/eltrafalgar.com\/?page_id=1099\" target=\"_self\" >\t\t\t\t\t\t<img src=\"https:\/\/eltrafalgar.com\/wp-content\/uploads\/2014\/08\/Pizzas2.jpg\" alt=\"Pizzas\" width=\"250\" height=\"188\" \/>\r\n\t\t\t\t\t<\/a>\t\t\t\t\t<div class=\"slideshow_description_box slideshow_transparent\">\r\n\t\t\t\t\t\t<div class=\"slideshow_title\"><a href=\"http:\/\/eltrafalgar.com\/?page_id=1099\" target=\"_self\" >Pizzas<\/a><\/div>\t\t\t\t\t\t\t\t\t\t\t<\/div>\r\n\t\t\t\t<\/div>\r\n\r\n\t\t\t\t\t\t<div style=\"clear: both;\"><\/div><\/div><div class=\"slideshow_view\">\r\n\t\t\t\t<div class=\"slideshow_slide slideshow_slide_image\">\r\n\t\t\t\t\t<a href=\"http:\/\/eltrafalgar.com\/?page_id=1111\" target=\"_self\" >\t\t\t\t\t\t<img src=\"https:\/\/eltrafalgar.com\/wp-content\/uploads\/2014\/02\/Postres.jpg\" alt=\"Postres\" width=\"250\" height=\"188\" \/>\r\n\t\t\t\t\t<\/a>\t\t\t\t\t<div class=\"slideshow_description_box slideshow_transparent\">\r\n\t\t\t\t\t\t<div class=\"slideshow_title\"><a href=\"http:\/\/eltrafalgar.com\/?page_id=1111\" target=\"_self\" >Postres<\/a><\/div>\t\t\t\t\t\t\t\t\t\t\t<\/div>\r\n\t\t\t\t<\/div>\r\n\r\n\t\t\t\t\t\t<div style=\"clear: both;\"><\/div><\/div>\r\n\t\t<\/div>\r\n\r\n\t\t<div class=\"slideshow_controlPanel slideshow_transparent\" style=\"display: none;\"><ul><li class=\"slideshow_togglePlay\" data-play-text=\"Play\" data-pause-text=\"Pause\"><\/li><\/ul><\/div>\r\n\r\n\t\t<div class=\"slideshow_button slideshow_previous slideshow_transparent\" role=\"button\" data-previous-text=\"Previous\" style=\"display: none;\"><\/div>\r\n\t\t<div class=\"slideshow_button slideshow_next slideshow_transparent\" role=\"button\" data-next-text=\"Next\" style=\"display: none;\"><\/div>\r\n\r\n\t\t<div class=\"slideshow_pagination\" style=\"display: none;\" data-go-to-text=\"Go to slide\"><div class=\"slideshow_pagination_center\"><\/div><\/div>\r\n\r\n\t\t<!-- WordPress Slideshow Version 2.3.1 -->\r\n\r\n\t\t\t<\/div>\r\n\r\n<\/span><\/p>\n","protected":false},"excerpt":{"rendered":"<p>Para Terminar con Sabor Dulce, para Compartirlos, para los Golosos, para. . . No Busques Excusas, a Nosotros Tambi\u00e9n Nos Encantan los Postres&#8230; Todos Nuestros Postres los Hacemos Nosotros cada D\u00eda, luego Son Artesanos&#8230; AL\u00c9RGENOS Los Platos Se\u00f1alados con estos Iconos, Contienen o Pueden Contener : \u00a0Gluten\u00a0L\u00e1cteos\u00a0Huevo<\/p>\n","protected":false},"author":1,"featured_media":1113,"parent":1010,"menu_order":9,"comment_status":"open","ping_status":"closed","template":"","meta":{"footnotes":""},"class_list":["post-1111","page","type-page","status-publish","has-post-thumbnail","hentry"],"_links":{"self":[{"href":"https:\/\/eltrafalgar.com\/index.php?rest_route=\/wp\/v2\/pages\/1111"}],"collection":[{"href":"https:\/\/eltrafalgar.com\/index.php?rest_route=\/wp\/v2\/pages"}],"about":[{"href":"https:\/\/eltrafalgar.com\/index.php?rest_route=\/wp\/v2\/types\/page"}],"author":[{"embeddable":true,"href":"https:\/\/eltrafalgar.com\/index.php?rest_route=\/wp\/v2\/users\/1"}],"replies":[{"embeddable":true,"href":"https:\/\/eltrafalgar.com\/index.php?rest_route=%2Fwp%2Fv2%2Fcomments&post=1111"}],"version-history":[{"count":4,"href":"https:\/\/eltrafalgar.com\/index.php?rest_route=\/wp\/v2\/pages\/1111\/revisions"}],"predecessor-version":[{"id":3252,"href":"https:\/\/eltrafalgar.com\/index.php?rest_route=\/wp\/v2\/pages\/1111\/revisions\/3252"}],"up":[{"embeddable":true,"href":"https:\/\/eltrafalgar.com\/index.php?rest_route=\/wp\/v2\/pages\/1010"}],"wp:featuredmedia":[{"embeddable":true,"href":"https:\/\/eltrafalgar.com\/index.php?rest_route=\/wp\/v2\/media\/1113"}],"wp:attachment":[{"href":"https:\/\/eltrafalgar.com\/index.php?rest_route=%2Fwp%2Fv2%2Fmedia&parent=1111"}],"curies":[{"name":"wp","href":"https:\/\/api.w.org\/{rel}","templated":true}]}}