{"id":1099,"date":"2014-02-03T13:16:25","date_gmt":"2014-02-03T12:16:25","guid":{"rendered":"http:\/\/eltrafalgar.com\/?page_id=1099"},"modified":"2020-07-23T19:28:22","modified_gmt":"2020-07-23T17:28:22","slug":"pizzas","status":"publish","type":"page","link":"https:\/\/eltrafalgar.com\/?page_id=1099","title":{"rendered":"Pizzas Artesanas"},"content":{"rendered":"<p style=\"text-align: center;\"><span style=\"font-size: medium; color: #000000;\">Nos Encantan las Pizzas. Eso S\u00ed, No Cualquier Pizza&#8230;<\/span><\/p>\n<p style=\"text-align: center;\"><span style=\"color: #000000; font-size: medium;\">Nos Gustan de Masa Fina y Abundantes en los Ingredientes.<br \/>\n<\/span><\/p>\n<p style=\"text-align: center;\"><span style=\"color: #000000; font-size: medium;\">Con los Sabores de Siempre, pero Tambi\u00e9n con\u00a0Otros\u00a0Nuevos.<\/span><\/p>\n<p style=\"text-align: center;\"><span style=\"color: #000000;\">Y con el Aroma y el Sabor Especial que les da la Le\u00f1a de Acebuche de Nuestro Horno.<\/span><\/p>\n<p><span style=\"color: #000000; font-size: medium;\"><ul class=\"cro_mainstay \"><li  class=\"mainstayli\"> <div class=\"cro_mainstayimg\"><img loading=\"lazy\" decoding=\"async\" width=\"150\" height=\"150\" src=\"https:\/\/eltrafalgar.com\/wp-content\/uploads\/2014\/02\/Pizzas-150x150.jpg\" class=\"attachment-thumbnail size-thumbnail wp-post-image\" alt=\"Pizzas\" \/><\/div><div class=\"cro_mainstaybody\"><span class=\"cro_foodprice\">13,60.- \u20ac<\/span><h5 class=\"mainstayhead\">Pizza de Pollo<\/h5><p class=\"mainstayp\"><span style=\"font-size: medium; color: #000000;\">Salsa de Tomate, Or\u00e9gano, Mozzarella, Pimientos Rojos Asados, Bacon Especial Ahumado y Pollo Asado a la Parrilla.\r\n\r\n<a><img loading=\"lazy\" decoding=\"async\" class=\"alignnone size-full wp-image-2980\" src=\"http:\/\/eltrafalgar.com\/wp-content\/uploads\/2016\/09\/39-gluten.jpg\" alt=\"39-gluten\" width=\"39\" height=\"39\" \/><img loading=\"lazy\" decoding=\"async\" class=\"alignnone size-full wp-image-2988\" src=\"http:\/\/eltrafalgar.com\/wp-content\/uploads\/2016\/09\/39-lacteos.jpg\" alt=\"39-lacteos\" width=\"39\" height=\"39\" \/><\/a><\/span><\/p><\/div><div class=\"clearfix\"><\/div><\/li><li  class=\"mainstayli\"> <div class=\"cro_mainstayimg\"><img loading=\"lazy\" decoding=\"async\" width=\"150\" height=\"150\" src=\"https:\/\/eltrafalgar.com\/wp-content\/uploads\/2014\/02\/P\u00eezzaCaprichosa-150x150.jpg\" class=\"attachment-thumbnail size-thumbnail wp-post-image\" alt=\"\" \/><\/div><div class=\"cro_mainstaybody\"><span class=\"cro_foodprice\">13,60.- \u20ac<\/span><h5 class=\"mainstayhead\">Pizza Caprichosa<\/h5><p class=\"mainstayp\"><span style=\"font-size: medium; color: #000000;\">Salsa de Tomate, Or\u00e9gano, Mozzarella, Champi\u00f1ones Frescos, Aceitunas Negras, Bacon Especial Ahumado y Jam\u00f3n Cocido Natural.\r\n<a><img loading=\"lazy\" decoding=\"async\" class=\"alignnone size-full wp-image-2980\" src=\"http:\/\/eltrafalgar.com\/wp-content\/uploads\/2016\/09\/39-gluten.jpg\" alt=\"39-gluten\" width=\"39\" height=\"39\" \/><img loading=\"lazy\" decoding=\"async\" class=\"alignnone size-full wp-image-2988\" src=\"http:\/\/eltrafalgar.com\/wp-content\/uploads\/2016\/09\/39-lacteos.jpg\" alt=\"39-lacteos\" width=\"39\" height=\"39\" \/><\/a><\/span><\/p><\/div><div class=\"clearfix\"><\/div><\/li><li  class=\"mainstayli\"> <div class=\"cro_mainstayimg\"><img loading=\"lazy\" decoding=\"async\" width=\"150\" height=\"150\" src=\"https:\/\/eltrafalgar.com\/wp-content\/uploads\/2014\/02\/Pizzas-150x150.jpg\" class=\"attachment-thumbnail size-thumbnail wp-post-image\" alt=\"Pizzas\" \/><\/div><div class=\"cro_mainstaybody\"><span class=\"cro_foodprice\">12,60.- \u20ac<\/span><h5 class=\"mainstayhead\">Pizza Margarita<\/h5><p class=\"mainstayp\"><span style=\"font-size: medium; color: #000000;\">Salsa de Tomate, Tomate Fresco en Rodajas, Mozzarella de B\u00fafala, Aceite de Oliva Virgen Extra, Albahaca y Pimienta Negra Molida.\r\n<a><img loading=\"lazy\" decoding=\"async\" class=\"alignnone size-full wp-image-2980\" src=\"http:\/\/eltrafalgar.com\/wp-content\/uploads\/2016\/09\/39-gluten.jpg\" alt=\"39-gluten\" width=\"39\" height=\"39\" \/><img loading=\"lazy\" decoding=\"async\" class=\"alignnone size-full wp-image-2988\" src=\"http:\/\/eltrafalgar.com\/wp-content\/uploads\/2016\/09\/39-lacteos.jpg\" alt=\"39-lacteos\" width=\"39\" height=\"39\" \/><\/a><\/span><\/p><\/div><div class=\"clearfix\"><\/div><\/li><li  class=\"mainstayli\"> <div class=\"cro_mainstayimg\"><img loading=\"lazy\" decoding=\"async\" width=\"150\" height=\"150\" src=\"https:\/\/eltrafalgar.com\/wp-content\/uploads\/2014\/02\/Pizza-vegetal-150x150.jpg\" class=\"attachment-thumbnail size-thumbnail wp-post-image\" alt=\"Pizza Vegetal\" \/><\/div><div class=\"cro_mainstaybody\"><span class=\"cro_foodprice\">12,60.- \u20ac<\/span><h5 class=\"mainstayhead\">Pizza Vegetal<\/h5><p class=\"mainstayp\"><span style=\"font-size: medium; color: #000000;\">Salsa de Tomate, Or\u00e9gano, Mozzarella, Cebolla Morada, Berenjena, Calabac\u00edn y Esp\u00e1rragos Trigueros.\r\n<a><img loading=\"lazy\" decoding=\"async\" class=\"alignnone size-full wp-image-2980\" src=\"http:\/\/eltrafalgar.com\/wp-content\/uploads\/2016\/09\/39-gluten.jpg\" alt=\"39-gluten\" width=\"39\" height=\"39\" \/><img loading=\"lazy\" decoding=\"async\" class=\"alignnone size-full wp-image-2988\" src=\"http:\/\/eltrafalgar.com\/wp-content\/uploads\/2016\/09\/39-lacteos.jpg\" alt=\"39-lacteos\" width=\"39\" height=\"39\" \/><\/a><\/span><\/p><\/div><div class=\"clearfix\"><\/div><\/li><li  class=\"mainstayli\"> <div class=\"cro_mainstayimg\"><img loading=\"lazy\" decoding=\"async\" width=\"150\" height=\"150\" src=\"https:\/\/eltrafalgar.com\/wp-content\/uploads\/2014\/08\/Pizzas-150x150.jpg\" class=\"attachment-thumbnail size-thumbnail wp-post-image\" alt=\"Pizzas\" \/><\/div><div class=\"cro_mainstaybody\"><span class=\"cro_foodprice\">13,60.- \u20ac<\/span><h5 class=\"mainstayhead\">Pizza Barbacoa<\/h5><p class=\"mainstayp\"><span style=\"font-size: medium; color: #000000;\">Salsa de Tomate, Or\u00e9gano, Mozzarella, Bacon Especial Ahumado, Carne de Vacuno y Salsa Barbacoa Especial Dulce. .\r\n<a><img loading=\"lazy\" decoding=\"async\" class=\"alignnone size-full wp-image-2980\" src=\"http:\/\/eltrafalgar.com\/wp-content\/uploads\/2016\/09\/39-gluten.jpg\" alt=\"39-gluten\" width=\"39\" height=\"39\" \/><img loading=\"lazy\" decoding=\"async\" class=\"alignnone size-full wp-image-2988\" src=\"http:\/\/eltrafalgar.com\/wp-content\/uploads\/2016\/09\/39-lacteos.jpg\" alt=\"39-lacteos\" width=\"39\" height=\"39\" \/><\/a><\/span><\/p><\/div><div class=\"clearfix\"><\/div><\/li><li  class=\"mainstayli\"> <div class=\"cro_mainstayimg\"><img loading=\"lazy\" decoding=\"async\" width=\"150\" height=\"150\" src=\"https:\/\/eltrafalgar.com\/wp-content\/uploads\/2014\/02\/Pizzas-150x150.jpg\" class=\"attachment-thumbnail size-thumbnail wp-post-image\" alt=\"Pizzas\" \/><\/div><div class=\"cro_mainstaybody\"><span class=\"cro_foodprice\">14,60.- \u20ac<\/span><h5 class=\"mainstayhead\">Pizza de At\u00fan Rojo de Almadraba<\/h5><p class=\"mainstayp\"><span style=\"font-size: medium; color: #000000;\">Salsa de Tomate, Cebolla Morada, Lomo de At\u00fan Rojo, Tomate Fresco en Rodajas, Aceitunas Negras y Mozzarella.\r\n\r\n<a><img loading=\"lazy\" decoding=\"async\" class=\"alignnone size-full wp-image-2980\" src=\"http:\/\/eltrafalgar.com\/wp-content\/uploads\/2016\/09\/39-gluten.jpg\" alt=\"39-gluten\" width=\"39\" height=\"39\" \/><img loading=\"lazy\" decoding=\"async\" class=\"alignnone size-full wp-image-2988\" src=\"http:\/\/eltrafalgar.com\/wp-content\/uploads\/2016\/09\/39-lacteos.jpg\" alt=\"39-lacteos\" width=\"39\" height=\"39\" \/><img loading=\"lazy\" decoding=\"async\" class=\"alignnone size-full wp-image-2991\" src=\"http:\/\/eltrafalgar.com\/wp-content\/uploads\/2016\/09\/39-pescado.jpg\" alt=\"39-pescado\" width=\"39\" height=\"39\" \/><\/a><\/span><\/p><\/div><div class=\"clearfix\"><\/div><\/li><\/ul><\/span><\/p>\n<p style=\"text-align: center;\"><strong><span style=\"font-size: medium; color: #ff6600;\"><strong>Ingredientes Extra:<br \/>\nMozzarella &#8211; 1,40.- \u20ac<br \/>\n<\/strong><\/span><\/strong><strong><span style=\"font-size: medium; color: #ff6600;\"><strong>Jam\u00f3n Cocido Natural &#8211; 1,40.- \u20ac<br \/>\n<\/strong><\/span><\/strong><strong><span style=\"font-size: medium; color: #ff6600;\"><strong>Bacon Especial Ahumado &#8211; 1,40.- \u20ac<\/strong><\/span><\/strong><\/p>\n<p style=\"text-align: center;\"><strong><span style=\"font-size: medium; color: #ff6600;\"><strong>Parmigiano Regiano &#8211; 1,60.- \u20ac<br \/>\nCarne de Vacuno Picada &#8211; 1,60.- \u20ac<br \/>\nMozzarella de B\u00fafala &#8211; 1,60.- \u20ac<br \/>\nPollo Asado a la Parrilla &#8211; 1,60.- \u20ac<br \/>\nChampi\u00f1ones Frescos <\/strong><\/span><\/strong><strong><span style=\"font-size: medium; color: #ff6600;\"><strong>+1,60.- \u20ac<br \/>\nLomo de At\u00fan Rojo de Almadraba\u00a0 &#8211; 2,80.- \u20ac<br \/>\n<\/strong><\/span><\/strong><\/p>\n<p style=\"text-align: center;\"><strong><span style=\"font-size: medium; color: #ff6600;\">Si te Gusta el Picante en la Pizza, P\u00eddenos nuestro Aceite de Oliva con Peperoncino.<br \/>\nTe Encantar\u00e1.<\/span><\/strong><\/p>\n<h3 style=\"text-align: center;\"><span style=\"color: #ff6600;\">AL\u00c9RGENOS<\/span><\/h3>\n<h4 style=\"text-align: center;\"><span style=\"color: #ff6600;\">Los Platos Se\u00f1alados con estos Iconos, Contienen o Pueden Contener :<\/span><\/h4>\n<h4 style=\"text-align: center;\"><span style=\"color: #ff6600;\"><img loading=\"lazy\" decoding=\"async\" class=\"alignnone size-full wp-image-2980\" src=\"http:\/\/eltrafalgar.com\/wp-content\/uploads\/2016\/09\/39-pescado.jpg\" alt=\"39-pescado\" width=\"39\" height=\"39\" \/>\u00a0Pescado<a><img loading=\"lazy\" decoding=\"async\" class=\"alignnone size-full wp-image-2990\" src=\"http:\/\/eltrafalgar.com\/wp-content\/uploads\/2016\/09\/39-gluten.jpg\" alt=\"39-gluten\" width=\"39\" height=\"39\" \/><\/a>\u00a0Gluten<a><img loading=\"lazy\" decoding=\"async\" class=\"alignnone size-full wp-image-2990\" src=\"http:\/\/eltrafalgar.com\/wp-content\/uploads\/2016\/09\/39-lacteos.jpg\" alt=\"39-lacteos\" width=\"39\" height=\"39\" \/><\/a>\u00a0L\u00e1cteos<\/span><\/h4>\n<p><span style=\"color: #000000; font-size: medium;\">\r\n\t<div class=\"slideshow_container slideshow_container_slideshow-jquery-image-gallery-custom-styles_2\" style=\"height: 268px; \" data-slideshow-id=\"1061\" data-style-name=\"slideshow-jquery-image-gallery-custom-styles_2\" data-style-version=\"1391901497\" >\r\n\r\n\t\t\t\t\t<div class=\"slideshow_loading_icon\"><\/div>\r\n\t\t\r\n\t\t<div class=\"slideshow_content\" style=\"display: none;\">\r\n\r\n\t\t\t<div class=\"slideshow_view\">\r\n\t\t\t\t<div class=\"slideshow_slide slideshow_slide_image\">\r\n\t\t\t\t\t<a href=\"http:\/\/eltrafalgar.com\/?page_id=1096\" target=\"_self\" >\t\t\t\t\t\t<img src=\"https:\/\/eltrafalgar.com\/wp-content\/uploads\/2014\/02\/Morrillo.jpg\" alt=\"At\u00fan Rojo de Almadraba\" width=\"300\" height=\"225\" \/>\r\n\t\t\t\t\t<\/a>\t\t\t\t\t<div class=\"slideshow_description_box slideshow_transparent\">\r\n\t\t\t\t\t\t<div class=\"slideshow_title\"><a href=\"http:\/\/eltrafalgar.com\/?page_id=1096\" target=\"_self\" >At\u00fan Rojo de Almadraba<\/a><\/div>\t\t\t\t\t\t\t\t\t\t\t<\/div>\r\n\t\t\t\t<\/div>\r\n\r\n\t\t\t\t\t\t\r\n\t\t\t\t<div class=\"slideshow_slide slideshow_slide_image\">\r\n\t\t\t\t\t<a href=\"http:\/\/eltrafalgar.com\/?page_id=1044\" target=\"_self\" >\t\t\t\t\t\t<img src=\"https:\/\/eltrafalgar.com\/wp-content\/uploads\/2014\/02\/HamburguesaMediterranea.jpg\" alt=\"Hamburguesas\" width=\"250\" height=\"188\" \/>\r\n\t\t\t\t\t<\/a>\t\t\t\t\t<div class=\"slideshow_description_box slideshow_transparent\">\r\n\t\t\t\t\t\t<div class=\"slideshow_title\"><a href=\"http:\/\/eltrafalgar.com\/?page_id=1044\" target=\"_self\" >Hamburguesas<\/a><\/div>\t\t\t\t\t\t\t\t\t\t\t<\/div>\r\n\t\t\t\t<\/div>\r\n\r\n\t\t\t\t\t\t\r\n\t\t\t\t<div class=\"slideshow_slide slideshow_slide_image\">\r\n\t\t\t\t\t<a href=\"http:\/\/eltrafalgar.com\/?page_id=1044\" target=\"_self\" >\t\t\t\t\t\t<img src=\"https:\/\/eltrafalgar.com\/wp-content\/uploads\/2014\/02\/Entrantes.jpg\" alt=\"Entrantes\" width=\"250\" height=\"188\" \/>\r\n\t\t\t\t\t<\/a>\t\t\t\t\t<div class=\"slideshow_description_box slideshow_transparent\">\r\n\t\t\t\t\t\t<div class=\"slideshow_title\"><a href=\"http:\/\/eltrafalgar.com\/?page_id=1044\" target=\"_self\" >Entrantes<\/a><\/div>\t\t\t\t\t\t\t\t\t\t\t<\/div>\r\n\t\t\t\t<\/div>\r\n\r\n\t\t\t\t\t\t<div style=\"clear: both;\"><\/div><\/div><div class=\"slideshow_view\">\r\n\t\t\t\t<div class=\"slideshow_slide slideshow_slide_image\">\r\n\t\t\t\t\t<a href=\"http:\/\/eltrafalgar.com\/?page_id=1074 \" target=\"_self\" >\t\t\t\t\t\t<img src=\"https:\/\/eltrafalgar.com\/wp-content\/uploads\/2014\/02\/Carnes.jpg\" alt=\"Carnes\" width=\"250\" height=\"188\" \/>\r\n\t\t\t\t\t<\/a>\t\t\t\t\t<div class=\"slideshow_description_box slideshow_transparent\">\r\n\t\t\t\t\t\t<div class=\"slideshow_title\"><a href=\"http:\/\/eltrafalgar.com\/?page_id=1074 \" target=\"_self\" >Carnes a la Parrilla<\/a><\/div>\t\t\t\t\t\t\t\t\t\t\t<\/div>\r\n\t\t\t\t<\/div>\r\n\r\n\t\t\t\t\t\t\r\n\t\t\t\t<div class=\"slideshow_slide slideshow_slide_image\">\r\n\t\t\t\t\t<a href=\" http:\/\/eltrafalgar.com\/?page_id=1084\" target=\"_self\" >\t\t\t\t\t\t<img src=\"https:\/\/eltrafalgar.com\/wp-content\/uploads\/2014\/02\/Pescados1.jpg\" alt=\"Pescados\" width=\"250\" height=\"188\" \/>\r\n\t\t\t\t\t<\/a>\t\t\t\t\t<div class=\"slideshow_description_box slideshow_transparent\">\r\n\t\t\t\t\t\t<div class=\"slideshow_title\"><a href=\" http:\/\/eltrafalgar.com\/?page_id=1084\" target=\"_self\" >Pescados a la Parrilla<\/a><\/div>\t\t\t\t\t\t\t\t\t\t\t<\/div>\r\n\t\t\t\t<\/div>\r\n\r\n\t\t\t\t\t\t\r\n\t\t\t\t<div class=\"slideshow_slide slideshow_slide_image\">\r\n\t\t\t\t\t<a href=\"http:\/\/eltrafalgar.com\/?page_id=1099\" target=\"_self\" >\t\t\t\t\t\t<img src=\"https:\/\/eltrafalgar.com\/wp-content\/uploads\/2014\/08\/Pizzas2.jpg\" alt=\"Pizzas\" width=\"250\" height=\"188\" \/>\r\n\t\t\t\t\t<\/a>\t\t\t\t\t<div class=\"slideshow_description_box slideshow_transparent\">\r\n\t\t\t\t\t\t<div class=\"slideshow_title\"><a href=\"http:\/\/eltrafalgar.com\/?page_id=1099\" target=\"_self\" >Pizzas<\/a><\/div>\t\t\t\t\t\t\t\t\t\t\t<\/div>\r\n\t\t\t\t<\/div>\r\n\r\n\t\t\t\t\t\t<div style=\"clear: both;\"><\/div><\/div><div class=\"slideshow_view\">\r\n\t\t\t\t<div class=\"slideshow_slide slideshow_slide_image\">\r\n\t\t\t\t\t<a href=\"http:\/\/eltrafalgar.com\/?page_id=1111\" target=\"_self\" >\t\t\t\t\t\t<img src=\"https:\/\/eltrafalgar.com\/wp-content\/uploads\/2014\/02\/Postres.jpg\" alt=\"Postres\" width=\"250\" height=\"188\" \/>\r\n\t\t\t\t\t<\/a>\t\t\t\t\t<div class=\"slideshow_description_box slideshow_transparent\">\r\n\t\t\t\t\t\t<div class=\"slideshow_title\"><a href=\"http:\/\/eltrafalgar.com\/?page_id=1111\" target=\"_self\" >Postres<\/a><\/div>\t\t\t\t\t\t\t\t\t\t\t<\/div>\r\n\t\t\t\t<\/div>\r\n\r\n\t\t\t\t\t\t<div style=\"clear: both;\"><\/div><\/div>\r\n\t\t<\/div>\r\n\r\n\t\t<div class=\"slideshow_controlPanel slideshow_transparent\" style=\"display: none;\"><ul><li class=\"slideshow_togglePlay\" data-play-text=\"Play\" data-pause-text=\"Pause\"><\/li><\/ul><\/div>\r\n\r\n\t\t<div class=\"slideshow_button slideshow_previous slideshow_transparent\" role=\"button\" data-previous-text=\"Previous\" style=\"display: none;\"><\/div>\r\n\t\t<div class=\"slideshow_button slideshow_next slideshow_transparent\" role=\"button\" data-next-text=\"Next\" style=\"display: none;\"><\/div>\r\n\r\n\t\t<div class=\"slideshow_pagination\" style=\"display: none;\" data-go-to-text=\"Go to slide\"><div class=\"slideshow_pagination_center\"><\/div><\/div>\r\n\r\n\t\t<!-- WordPress Slideshow Version 2.3.1 -->\r\n\r\n\t\t\t<\/div>\r\n\r\n<\/span><\/p>\n","protected":false},"excerpt":{"rendered":"<p>Nos Encantan las Pizzas. Eso S\u00ed, No Cualquier Pizza&#8230; Nos Gustan de Masa Fina y Abundantes en los Ingredientes. Con los Sabores de Siempre, pero Tambi\u00e9n con\u00a0Otros\u00a0Nuevos. Y con el Aroma y el Sabor Especial que les da la Le\u00f1a de Acebuche de Nuestro Horno. Ingredientes Extra: Mozzarella &#8211; 1,40.- \u20ac Jam\u00f3n Cocido Natural &#8211;&hellip;<\/p>\n","protected":false},"author":1,"featured_media":0,"parent":1010,"menu_order":7,"comment_status":"open","ping_status":"closed","template":"","meta":{"footnotes":""},"class_list":["post-1099","page","type-page","status-publish","hentry"],"_links":{"self":[{"href":"https:\/\/eltrafalgar.com\/index.php?rest_route=\/wp\/v2\/pages\/1099"}],"collection":[{"href":"https:\/\/eltrafalgar.com\/index.php?rest_route=\/wp\/v2\/pages"}],"about":[{"href":"https:\/\/eltrafalgar.com\/index.php?rest_route=\/wp\/v2\/types\/page"}],"author":[{"embeddable":true,"href":"https:\/\/eltrafalgar.com\/index.php?rest_route=\/wp\/v2\/users\/1"}],"replies":[{"embeddable":true,"href":"https:\/\/eltrafalgar.com\/index.php?rest_route=%2Fwp%2Fv2%2Fcomments&post=1099"}],"version-history":[{"count":12,"href":"https:\/\/eltrafalgar.com\/index.php?rest_route=\/wp\/v2\/pages\/1099\/revisions"}],"predecessor-version":[{"id":3248,"href":"https:\/\/eltrafalgar.com\/index.php?rest_route=\/wp\/v2\/pages\/1099\/revisions\/3248"}],"up":[{"embeddable":true,"href":"https:\/\/eltrafalgar.com\/index.php?rest_route=\/wp\/v2\/pages\/1010"}],"wp:attachment":[{"href":"https:\/\/eltrafalgar.com\/index.php?rest_route=%2Fwp%2Fv2%2Fmedia&parent=1099"}],"curies":[{"name":"wp","href":"https:\/\/api.w.org\/{rel}","templated":true}]}}