{"id":1084,"date":"2014-02-03T12:19:57","date_gmt":"2014-02-03T11:19:57","guid":{"rendered":"http:\/\/eltrafalgar.com\/?page_id=1084"},"modified":"2023-07-12T22:41:40","modified_gmt":"2023-07-12T20:41:40","slug":"pescados","status":"publish","type":"page","link":"https:\/\/eltrafalgar.com\/?page_id=1084","title":{"rendered":"Pescados a la Parrilla"},"content":{"rendered":"<p style=\"text-align: center;\"><span style=\"font-size: medium; color: #000000;\">Diariamente recibimos los Pescados m\u00e1s Frescos de las Lonjas de la Zona.<\/span><\/p>\n<p style=\"text-align: center;\"><span style=\"color: #000000;\"><span style=\"font-size: medium;\">Las especies que ver\u00e1s a continuaci\u00f3n, son las que siempre tenemos a tu disposici\u00f3n. <\/span><\/span><\/p>\n<p style=\"text-align: center;\"><span style=\"color: #000000;\"><span style=\"font-size: medium;\">No obstante, con frecuencia nos Disponemos de\u00a0Urtas, Pargos, Dentones, Bocinegros, Brecas, Doradas. . .de distintos Pesos y Tama\u00f1os.\u00a0<\/span><\/span><\/p>\n<p style=\"text-align: center;\"><span style=\"color: #000000;\"><span style=\"font-size: medium;\">Dependiendo del Tama\u00f1o y la Especie, Te lo Podemos Preparar a la Parrilla o al Horno.<br \/>\n<\/span><span style=\"font-size: medium;\">Cons\u00faltanos.<\/span><\/span><\/p>\n<p style=\"text-align: center;\"><span style=\"font-size: medium; color: #000000;\">Los Pescados los Acompa\u00f1amos con Patatas Panaderas.<\/span><\/p>\n<p><span style=\"color: #000000;\">\u00a0<\/span><\/p>\n<p><span style=\"font-size: medium; line-height: 1.714285714; color: #333333;\"><ul class=\"cro_mainstay \"><li  class=\"mainstayli\"> <div class=\"cro_mainstayimg\"><img loading=\"lazy\" decoding=\"async\" width=\"150\" height=\"150\" src=\"https:\/\/eltrafalgar.com\/wp-content\/uploads\/2014\/02\/Bacalao1-150x150.jpg\" class=\"attachment-thumbnail size-thumbnail wp-post-image\" alt=\"\" \/><\/div><div class=\"cro_mainstaybody\"><span class=\"cro_foodprice\">16,20.- \u20ac<\/span><h5 class=\"mainstayhead\">Bacalao Veronata<\/h5><p class=\"mainstayp\"><span style=\"font-size: medium; color: #000000;\">Lomo de Bacalao con Gambas, Cebolla Confitada, Patata Hervida y Aceitunas Negras.\r\nGratinado al Horno con Queso Parmesano.<\/span>\r\n\r\n&nbsp;\r\n\r\n<a><img loading=\"lazy\" decoding=\"async\" class=\"alignnone size-full wp-image-2980\" src=\"http:\/\/eltrafalgar.com\/wp-content\/uploads\/2016\/09\/39-gluten.jpg\" alt=\"39-gluten\" width=\"39\" height=\"39\" \/><img loading=\"lazy\" decoding=\"async\" class=\"alignnone size-full wp-image-2988\" src=\"http:\/\/eltrafalgar.com\/wp-content\/uploads\/2016\/09\/39-lacteos.jpg\" alt=\"39-lacteos\" width=\"39\" height=\"39\" \/><img loading=\"lazy\" decoding=\"async\" class=\"alignnone size-full wp-image-2985\" src=\"http:\/\/eltrafalgar.com\/wp-content\/uploads\/2016\/09\/39-crustaceos.jpg\" alt=\"39-crustaceos\" width=\"39\" height=\"39\" \/><img loading=\"lazy\" decoding=\"async\" class=\"alignnone size-full wp-image-2991\" src=\"http:\/\/eltrafalgar.com\/wp-content\/uploads\/2016\/09\/39-pescado.jpg\" alt=\"39-pescado\" width=\"39\" height=\"39\" \/><\/a><\/p><\/div><div class=\"clearfix\"><\/div><\/li><li  class=\"mainstayli\"> <div class=\"cro_mainstayimg\"><img loading=\"lazy\" decoding=\"async\" width=\"150\" height=\"150\" src=\"https:\/\/eltrafalgar.com\/wp-content\/uploads\/2014\/02\/Lubina-150x150.jpg\" class=\"attachment-thumbnail size-thumbnail wp-post-image\" alt=\"\" srcset=\"https:\/\/eltrafalgar.com\/wp-content\/uploads\/2014\/02\/Lubina-150x150.jpg 150w, https:\/\/eltrafalgar.com\/wp-content\/uploads\/2014\/02\/Lubina-300x300.jpg 300w, https:\/\/eltrafalgar.com\/wp-content\/uploads\/2014\/02\/Lubina.jpg 400w\" sizes=\"(max-width: 150px) 100vw, 150px\" \/><\/div><div class=\"cro_mainstaybody\"><span class=\"cro_foodprice\">21,60.- \u20ac<\/span><h5 class=\"mainstayhead\">Lubina\/Baila 1 Pax<\/h5><p class=\"mainstayp\"><span style=\"font-size: medium;\"><span style=\"color: #ff6600;\">Descripci\u00f3n:<\/span>\u00a0<span style=\"color: #000000;\">Pescado Blanco.\u00a0Su\u00a0carne es de una gran calidad y es muy apreciada.<\/span><span style=\"color: #ff6600;\">\u00a0Nombre Cient\u00edfico:<\/span>\u00a0<span style=\"color: #000000;\">Dicentrarchus labrax.<\/span>\u00a0<span style=\"color: #ff6600;\">Otros Nombres:<span style=\"color: #000000;\">\u00a0<\/span><\/span><span style=\"color: #000000;\">Llubina, Robayiza, R\u00f3balo, Furaga\u00f1a, Llobina, Mangarillas, Llobarro.<\/span>\u00a0<span style=\"color: #ff6600;\">H\u00e1bitat:<\/span>\u00a0<span style=\"color: #000000;\">Costas rocosas y por los arenales, estuarios, puertos y d\u00e1rsenas.<\/span> <span style=\"color: #ff6600;\">Alimentaci\u00f3n:<\/span><span style=\"color: #000000;\">\u00a0Peces peque\u00f1os y crust\u00e1ceos.\r\n<a><img loading=\"lazy\" decoding=\"async\" class=\"alignnone size-full wp-image-2991\" src=\"http:\/\/eltrafalgar.com\/wp-content\/uploads\/2016\/09\/39-pescado.jpg\" alt=\"39-pescado\" width=\"39\" height=\"39\" \/><\/a><\/span>\r\n<\/span><\/p><\/div><div class=\"clearfix\"><\/div><\/li><li  class=\"mainstayli\"> <div class=\"cro_mainstayimg\"><img loading=\"lazy\" decoding=\"async\" width=\"150\" height=\"150\" src=\"https:\/\/eltrafalgar.com\/wp-content\/uploads\/2014\/02\/Borriquete2-150x150.jpg\" class=\"attachment-thumbnail size-thumbnail wp-post-image\" alt=\"\" srcset=\"https:\/\/eltrafalgar.com\/wp-content\/uploads\/2014\/02\/Borriquete2-150x150.jpg 150w, https:\/\/eltrafalgar.com\/wp-content\/uploads\/2014\/02\/Borriquete2-300x300.jpg 300w, https:\/\/eltrafalgar.com\/wp-content\/uploads\/2014\/02\/Borriquete2.jpg 400w\" sizes=\"(max-width: 150px) 100vw, 150px\" \/><\/div><div class=\"cro_mainstaybody\"><span class=\"cro_foodprice\">18,60.- \u20ac<\/span><h5 class=\"mainstayhead\">Borriquete 1 Pax<\/h5><p class=\"mainstayp\"><span style=\"color: #ff6600;\"><span style=\"font-size: medium;\">Descripci\u00f3n:<span style=\"color: #000000;\"> Pescado Blanco.\u00a0Su carne es sabrosa y muy apreciada en el litoral Gaditano.<\/span><span style=\"color: #333333;\">\u00a0<span style=\"color: #ff6600;\">Otros Nombres:<\/span><span style=\"color: #000000;\">\u00a0<\/span><\/span><span style=\"color: #000000;\">Borrico, Mulo de Mar, Burro, Roncador.<\/span><span style=\"color: #333333;\">\u00a0<\/span>H\u00e1bitat:<span style=\"color: #000000;\">\u00a0<\/span><\/span><span style=\"color: #888888;\"><span style=\"font-size: medium; color: #000000;\">Suelen vivir en bancos m\u00e1s o menos numerosos. Se refugian en cuevas y grietas oscuras.<\/span><span style=\"color: #333333; font-size: medium;\"> <span style=\"color: #ff6600;\">Alimentaci\u00f3n:<\/span><\/span><span style=\"font-size: medium; color: #000000;\">\u00a0Invertebrados de los fondos marinos.<a>\r\n<img loading=\"lazy\" decoding=\"async\" class=\"alignnone size-full wp-image-2991\" src=\"http:\/\/eltrafalgar.com\/wp-content\/uploads\/2016\/09\/39-pescado.jpg\" alt=\"39-pescado\" width=\"39\" height=\"39\" \/><\/a><\/span>\r\n<\/span><\/span><\/p><\/div><div class=\"clearfix\"><\/div><\/li><li  class=\"mainstayli\"> <div class=\"cro_mainstayimg\"><img loading=\"lazy\" decoding=\"async\" width=\"150\" height=\"150\" src=\"https:\/\/eltrafalgar.com\/wp-content\/uploads\/2014\/02\/Lenguado-150x150.jpg\" class=\"attachment-thumbnail size-thumbnail wp-post-image\" alt=\"\" srcset=\"https:\/\/eltrafalgar.com\/wp-content\/uploads\/2014\/02\/Lenguado-150x150.jpg 150w, https:\/\/eltrafalgar.com\/wp-content\/uploads\/2014\/02\/Lenguado-300x300.jpg 300w, https:\/\/eltrafalgar.com\/wp-content\/uploads\/2014\/02\/Lenguado.jpg 400w\" sizes=\"(max-width: 150px) 100vw, 150px\" \/><\/div><div class=\"cro_mainstaybody\"><span class=\"cro_foodprice\">22,80.- \u20ac<\/span><h5 class=\"mainstayhead\">Lenguado<\/h5><p class=\"mainstayp\"><span style=\"color: #ff6600; font-size: medium;\">Descripci\u00f3n: <span style=\"color: #000000;\">Pescado Blanco. Sabor y textura Suaves. Lomo sin espinas.<\/span>\u00a0<span style=\"color: #333333;\"><span style=\"color: #ff6600;\">Nombre cient\u00edfico:\u00a0<\/span><span style=\"color: #000000;\">Solea Lascaris.\u00a0<\/span><span style=\"color: #ff6600;\">Otros Nombres:<\/span>\u00a0<span style=\"color: #000000;\">Rapapelo, Lengu\u00e1n, Leguao.<\/span>\u00a0<\/span>H\u00e1bitat: <span style=\"color: #333333;\"><span style=\"color: #000000;\">Se localiza a profundidades de entre 50 y 200 metros. Vive camuflado en la arena.<\/span> <span style=\"color: #ff6600;\">Alimentaci\u00f3n:\u00a0<\/span><\/span><span style=\"color: #000000;\">Peces peque\u00f1os, crust\u00e1ceos e invertebrados del fondo marino.\r\n<a><img loading=\"lazy\" decoding=\"async\" class=\"alignnone size-full wp-image-2991\" src=\"http:\/\/eltrafalgar.com\/wp-content\/uploads\/2016\/09\/39-pescado.jpg\" alt=\"39-pescado\" width=\"39\" height=\"39\" \/><\/a><\/span>\r\n<\/span><\/p><\/div><div class=\"clearfix\"><\/div><\/li><\/ul><\/span><\/p>\n<p style=\"text-align: center;\"><span style=\"font-size: medium; color: #ff6600;\"><strong>Cumplimos el Real Decreto 1420\/2006, sobre la Congelaci\u00f3n de Todos los Pescados Frescos a -20\u00baC durante 24 Horas, con el Fin de Erradicar el Par\u00e1sito Anisakis.<\/strong><\/span><\/p>\n<h4 style=\"text-align: center;\"><span style=\"color: #ff6600;\">Tu Salud, Nuestra Tranquilidad.<\/span><\/h4>\n<h3 style=\"text-align: center;\"><span style=\"color: #ff6600;\">AL\u00c9RGENOS<\/span><\/h3>\n<h4 style=\"text-align: center;\"><span style=\"color: #ff6600;\">Los Platos Se\u00f1alados con estos Iconos, Contienen o Pueden Contener :<\/span><\/h4>\n<h4 style=\"text-align: center;\"><span style=\"color: #ff6600;\"><img loading=\"lazy\" decoding=\"async\" class=\"alignnone size-full wp-image-2991\" src=\"http:\/\/eltrafalgar.com\/wp-content\/uploads\/2016\/09\/39-crustaceos.jpg\" alt=\"39-crustaceos\" width=\"39\" height=\"39\" \/>\u00a0Crust\u00e1ceos <img loading=\"lazy\" decoding=\"async\" class=\"alignnone size-full wp-image-2980\" src=\"http:\/\/eltrafalgar.com\/wp-content\/uploads\/2016\/09\/39-pescado.jpg\" alt=\"39-pescado\" width=\"39\" height=\"39\" \/>\u00a0Pescado<a><img loading=\"lazy\" decoding=\"async\" class=\"alignnone size-full wp-image-2990\" src=\"http:\/\/eltrafalgar.com\/wp-content\/uploads\/2016\/09\/39-gluten.jpg\" alt=\"39-gluten\" width=\"39\" height=\"39\" \/><\/a>\u00a0Gluten<a><img loading=\"lazy\" decoding=\"async\" class=\"alignnone size-full wp-image-2990\" src=\"http:\/\/eltrafalgar.com\/wp-content\/uploads\/2016\/09\/39-lacteos.jpg\" alt=\"39-lacteos\" width=\"39\" height=\"39\" \/><\/a>\u00a0L\u00e1cteos<\/span><\/h4>\n<p><span style=\"font-size: medium; color: #333333;\">\r\n\t<div class=\"slideshow_container slideshow_container_slideshow-jquery-image-gallery-custom-styles_2\" style=\"height: 268px; \" data-slideshow-id=\"1061\" data-style-name=\"slideshow-jquery-image-gallery-custom-styles_2\" data-style-version=\"1391901497\" >\r\n\r\n\t\t\t\t\t<div class=\"slideshow_loading_icon\"><\/div>\r\n\t\t\r\n\t\t<div class=\"slideshow_content\" style=\"display: none;\">\r\n\r\n\t\t\t<div class=\"slideshow_view\">\r\n\t\t\t\t<div class=\"slideshow_slide slideshow_slide_image\">\r\n\t\t\t\t\t<a href=\"http:\/\/eltrafalgar.com\/?page_id=1096\" target=\"_self\" >\t\t\t\t\t\t<img src=\"https:\/\/eltrafalgar.com\/wp-content\/uploads\/2014\/02\/Morrillo.jpg\" alt=\"At\u00fan Rojo de Almadraba\" width=\"300\" height=\"225\" \/>\r\n\t\t\t\t\t<\/a>\t\t\t\t\t<div class=\"slideshow_description_box slideshow_transparent\">\r\n\t\t\t\t\t\t<div class=\"slideshow_title\"><a href=\"http:\/\/eltrafalgar.com\/?page_id=1096\" target=\"_self\" >At\u00fan Rojo de Almadraba<\/a><\/div>\t\t\t\t\t\t\t\t\t\t\t<\/div>\r\n\t\t\t\t<\/div>\r\n\r\n\t\t\t\t\t\t\r\n\t\t\t\t<div class=\"slideshow_slide slideshow_slide_image\">\r\n\t\t\t\t\t<a href=\"http:\/\/eltrafalgar.com\/?page_id=1044\" target=\"_self\" >\t\t\t\t\t\t<img src=\"https:\/\/eltrafalgar.com\/wp-content\/uploads\/2014\/02\/HamburguesaMediterranea.jpg\" alt=\"Hamburguesas\" width=\"250\" height=\"188\" \/>\r\n\t\t\t\t\t<\/a>\t\t\t\t\t<div class=\"slideshow_description_box slideshow_transparent\">\r\n\t\t\t\t\t\t<div class=\"slideshow_title\"><a href=\"http:\/\/eltrafalgar.com\/?page_id=1044\" target=\"_self\" >Hamburguesas<\/a><\/div>\t\t\t\t\t\t\t\t\t\t\t<\/div>\r\n\t\t\t\t<\/div>\r\n\r\n\t\t\t\t\t\t\r\n\t\t\t\t<div class=\"slideshow_slide slideshow_slide_image\">\r\n\t\t\t\t\t<a href=\"http:\/\/eltrafalgar.com\/?page_id=1044\" target=\"_self\" >\t\t\t\t\t\t<img src=\"https:\/\/eltrafalgar.com\/wp-content\/uploads\/2014\/02\/Entrantes.jpg\" alt=\"Entrantes\" width=\"250\" height=\"188\" \/>\r\n\t\t\t\t\t<\/a>\t\t\t\t\t<div class=\"slideshow_description_box slideshow_transparent\">\r\n\t\t\t\t\t\t<div class=\"slideshow_title\"><a href=\"http:\/\/eltrafalgar.com\/?page_id=1044\" target=\"_self\" >Entrantes<\/a><\/div>\t\t\t\t\t\t\t\t\t\t\t<\/div>\r\n\t\t\t\t<\/div>\r\n\r\n\t\t\t\t\t\t<div style=\"clear: both;\"><\/div><\/div><div class=\"slideshow_view\">\r\n\t\t\t\t<div class=\"slideshow_slide slideshow_slide_image\">\r\n\t\t\t\t\t<a href=\"http:\/\/eltrafalgar.com\/?page_id=1074 \" target=\"_self\" >\t\t\t\t\t\t<img src=\"https:\/\/eltrafalgar.com\/wp-content\/uploads\/2014\/02\/Carnes.jpg\" alt=\"Carnes\" width=\"250\" height=\"188\" \/>\r\n\t\t\t\t\t<\/a>\t\t\t\t\t<div class=\"slideshow_description_box slideshow_transparent\">\r\n\t\t\t\t\t\t<div class=\"slideshow_title\"><a href=\"http:\/\/eltrafalgar.com\/?page_id=1074 \" target=\"_self\" >Carnes a la Parrilla<\/a><\/div>\t\t\t\t\t\t\t\t\t\t\t<\/div>\r\n\t\t\t\t<\/div>\r\n\r\n\t\t\t\t\t\t\r\n\t\t\t\t<div class=\"slideshow_slide slideshow_slide_image\">\r\n\t\t\t\t\t<a href=\" http:\/\/eltrafalgar.com\/?page_id=1084\" target=\"_self\" >\t\t\t\t\t\t<img src=\"https:\/\/eltrafalgar.com\/wp-content\/uploads\/2014\/02\/Pescados1.jpg\" alt=\"Pescados\" width=\"250\" height=\"188\" \/>\r\n\t\t\t\t\t<\/a>\t\t\t\t\t<div class=\"slideshow_description_box slideshow_transparent\">\r\n\t\t\t\t\t\t<div class=\"slideshow_title\"><a href=\" http:\/\/eltrafalgar.com\/?page_id=1084\" target=\"_self\" >Pescados a la Parrilla<\/a><\/div>\t\t\t\t\t\t\t\t\t\t\t<\/div>\r\n\t\t\t\t<\/div>\r\n\r\n\t\t\t\t\t\t\r\n\t\t\t\t<div class=\"slideshow_slide slideshow_slide_image\">\r\n\t\t\t\t\t<a href=\"http:\/\/eltrafalgar.com\/?page_id=1099\" target=\"_self\" >\t\t\t\t\t\t<img src=\"https:\/\/eltrafalgar.com\/wp-content\/uploads\/2014\/08\/Pizzas2.jpg\" alt=\"Pizzas\" width=\"250\" height=\"188\" \/>\r\n\t\t\t\t\t<\/a>\t\t\t\t\t<div class=\"slideshow_description_box slideshow_transparent\">\r\n\t\t\t\t\t\t<div class=\"slideshow_title\"><a href=\"http:\/\/eltrafalgar.com\/?page_id=1099\" target=\"_self\" >Pizzas<\/a><\/div>\t\t\t\t\t\t\t\t\t\t\t<\/div>\r\n\t\t\t\t<\/div>\r\n\r\n\t\t\t\t\t\t<div style=\"clear: both;\"><\/div><\/div><div class=\"slideshow_view\">\r\n\t\t\t\t<div class=\"slideshow_slide slideshow_slide_image\">\r\n\t\t\t\t\t<a href=\"http:\/\/eltrafalgar.com\/?page_id=1111\" target=\"_self\" >\t\t\t\t\t\t<img src=\"https:\/\/eltrafalgar.com\/wp-content\/uploads\/2014\/02\/Postres.jpg\" alt=\"Postres\" width=\"250\" height=\"188\" \/>\r\n\t\t\t\t\t<\/a>\t\t\t\t\t<div class=\"slideshow_description_box slideshow_transparent\">\r\n\t\t\t\t\t\t<div class=\"slideshow_title\"><a href=\"http:\/\/eltrafalgar.com\/?page_id=1111\" target=\"_self\" >Postres<\/a><\/div>\t\t\t\t\t\t\t\t\t\t\t<\/div>\r\n\t\t\t\t<\/div>\r\n\r\n\t\t\t\t\t\t<div style=\"clear: both;\"><\/div><\/div>\r\n\t\t<\/div>\r\n\r\n\t\t<div class=\"slideshow_controlPanel slideshow_transparent\" style=\"display: none;\"><ul><li class=\"slideshow_togglePlay\" data-play-text=\"Play\" data-pause-text=\"Pause\"><\/li><\/ul><\/div>\r\n\r\n\t\t<div class=\"slideshow_button slideshow_previous slideshow_transparent\" role=\"button\" data-previous-text=\"Previous\" style=\"display: none;\"><\/div>\r\n\t\t<div class=\"slideshow_button slideshow_next slideshow_transparent\" role=\"button\" data-next-text=\"Next\" style=\"display: none;\"><\/div>\r\n\r\n\t\t<div class=\"slideshow_pagination\" style=\"display: none;\" data-go-to-text=\"Go to slide\"><div class=\"slideshow_pagination_center\"><\/div><\/div>\r\n\r\n\t\t<!-- WordPress Slideshow Version 2.3.1 -->\r\n\r\n\t\t\t<\/div>\r\n\r\n<\/span><\/p>\n","protected":false},"excerpt":{"rendered":"<p>Diariamente recibimos los Pescados m\u00e1s Frescos de las Lonjas de la Zona. Las especies que ver\u00e1s a continuaci\u00f3n, son las que siempre tenemos a tu disposici\u00f3n. No obstante, con frecuencia nos Disponemos de\u00a0Urtas, Pargos, Dentones, Bocinegros, Brecas, Doradas. . .de distintos Pesos y Tama\u00f1os.\u00a0 Dependiendo del Tama\u00f1o y la Especie, Te lo Podemos Preparar a&hellip;<\/p>\n","protected":false},"author":1,"featured_media":1085,"parent":1010,"menu_order":5,"comment_status":"open","ping_status":"closed","template":"","meta":{"footnotes":""},"class_list":["post-1084","page","type-page","status-publish","has-post-thumbnail","hentry"],"_links":{"self":[{"href":"https:\/\/eltrafalgar.com\/index.php?rest_route=\/wp\/v2\/pages\/1084"}],"collection":[{"href":"https:\/\/eltrafalgar.com\/index.php?rest_route=\/wp\/v2\/pages"}],"about":[{"href":"https:\/\/eltrafalgar.com\/index.php?rest_route=\/wp\/v2\/types\/page"}],"author":[{"embeddable":true,"href":"https:\/\/eltrafalgar.com\/index.php?rest_route=\/wp\/v2\/users\/1"}],"replies":[{"embeddable":true,"href":"https:\/\/eltrafalgar.com\/index.php?rest_route=%2Fwp%2Fv2%2Fcomments&post=1084"}],"version-history":[{"count":5,"href":"https:\/\/eltrafalgar.com\/index.php?rest_route=\/wp\/v2\/pages\/1084\/revisions"}],"predecessor-version":[{"id":3416,"href":"https:\/\/eltrafalgar.com\/index.php?rest_route=\/wp\/v2\/pages\/1084\/revisions\/3416"}],"up":[{"embeddable":true,"href":"https:\/\/eltrafalgar.com\/index.php?rest_route=\/wp\/v2\/pages\/1010"}],"wp:featuredmedia":[{"embeddable":true,"href":"https:\/\/eltrafalgar.com\/index.php?rest_route=\/wp\/v2\/media\/1085"}],"wp:attachment":[{"href":"https:\/\/eltrafalgar.com\/index.php?rest_route=%2Fwp%2Fv2%2Fmedia&parent=1084"}],"curies":[{"name":"wp","href":"https:\/\/api.w.org\/{rel}","templated":true}]}}