{"id":1044,"date":"2014-02-03T00:22:54","date_gmt":"2014-02-02T23:22:54","guid":{"rendered":"http:\/\/eltrafalgar.com\/?page_id=1044"},"modified":"2020-07-23T18:59:37","modified_gmt":"2020-07-23T16:59:37","slug":"entrantes","status":"publish","type":"page","link":"https:\/\/eltrafalgar.com\/?page_id=1044","title":{"rendered":"Entrantes"},"content":{"rendered":"<p style=\"text-align: center;\"><span style=\"color: #000000; font-size: medium;\">Para Empezar Bien, Os Ofrecemos una Variedad de Platos para Todos Los Gustos.<br \/>\nRefrescantes, Sanos, Modernos, Tradicionales de la Zona, Nuevos Sabores&#8230;<\/span><\/p>\n<p>. . .<\/p>\n<p><span style=\"line-height: 1.714285714; font-size: 1rem;\">\u00a0<\/span><\/p>\n<p><span style=\"color: #000000; font-size: medium;\"><ul class=\"cro_mainstay \"><li  class=\"mainstayli\"> <div class=\"cro_mainstayimg\"><img loading=\"lazy\" decoding=\"async\" width=\"150\" height=\"150\" src=\"https:\/\/eltrafalgar.com\/wp-content\/uploads\/2014\/02\/Salmorejo-150x150.jpg\" class=\"attachment-thumbnail size-thumbnail wp-post-image\" alt=\"Salmorejo\" \/><\/div><div class=\"cro_mainstaybody\"><span class=\"cro_foodprice\">7,80.- \u20ac<\/span><h5 class=\"mainstayhead\">Salmorejo<\/h5><p class=\"mainstayp\"><span style=\"font-size: medium; color: #333333;\">Crema Fr\u00eda de Tomate, Pan, Ajo y Aceite de Oliva Virgen Extra. Acompa\u00f1ado de Virutas de Jam\u00f3n Ib\u00e9rico y Huevo Duro Picado.<\/span><\/p><\/div><div class=\"clearfix\"><\/div><\/li><li  class=\"mainstayli\"> <div class=\"cro_mainstayimg\"><img loading=\"lazy\" decoding=\"async\" width=\"150\" height=\"150\" src=\"https:\/\/eltrafalgar.com\/wp-content\/uploads\/2014\/02\/Totillitas-Camarones-150x150.jpg\" class=\"attachment-thumbnail size-thumbnail wp-post-image\" alt=\"\" \/><\/div><div class=\"cro_mainstaybody\"><span class=\"cro_foodprice\">8,70.- \u20ac<\/span><h5 class=\"mainstayhead\">Tortillitas de Camarones<\/h5><p class=\"mainstayp\">Plato T\u00edpico de la Cocina Gaditana. Se hacen con Camarones, Harina de Trigo y Garbanzos,\r\nCebolletas y Perejil. Son Finas, Suaves y Crocantes. Servimos 4 Unidades.\r\n\r\n&nbsp;<\/p><\/div><div class=\"clearfix\"><\/div><\/li><li  class=\"mainstayli\"> <div class=\"cro_mainstayimg\"><img loading=\"lazy\" decoding=\"async\" width=\"150\" height=\"150\" src=\"https:\/\/eltrafalgar.com\/wp-content\/uploads\/2014\/02\/FlanBerenjenas-150x150.jpg\" class=\"attachment-thumbnail size-thumbnail wp-post-image\" alt=\"\" \/><\/div><div class=\"cro_mainstaybody\"><span class=\"cro_foodprice\">16,40.- \u20ac<\/span><h5 class=\"mainstayhead\">Flan de Berenjenas<\/h5><p class=\"mainstayp\"><p style=\"text-align: left;\">Pastel de Berenjenas, Calabac\u00edn, Tomate Fresco, Mozzarella de B\u00fafala y Albahaca.\r\nServido Bajo una Crema de Queso Fundido.<\/p>\r\n&nbsp;<\/p><\/div><div class=\"clearfix\"><\/div><\/li><li  class=\"mainstayli\"> <div class=\"cro_mainstayimg\"><img loading=\"lazy\" decoding=\"async\" width=\"150\" height=\"150\" src=\"https:\/\/eltrafalgar.com\/wp-content\/uploads\/2014\/02\/Provolone-150x150.jpg\" class=\"attachment-thumbnail size-thumbnail wp-post-image\" alt=\"\" \/><\/div><div class=\"cro_mainstaybody\"><span class=\"cro_foodprice\">14,10.- \u20ac<\/span><h5 class=\"mainstayhead\">Provolone al Horno<\/h5><p class=\"mainstayp\"><span style=\"font-size: medium; color: #333333;\">Cazuela de Queso Italiano Fundido al Horno de Le\u00f1a, sobre una Base de Tomate Fresco, con\r\nOr\u00e9gano y Aceite de Oliva Virgen Extra.\r\n<\/span><\/p><\/div><div class=\"clearfix\"><\/div><\/li><li  class=\"mainstayli\"><div class=\"cro_mainstaybody\"><span class=\"cro_foodprice\">19,40.- \u20ac<\/span><h5 class=\"mainstayhead\">Carpaccio de Solomillo de Retinto<\/h5><p class=\"mainstayp\">Finas L\u00e1minas de Solomillo de Vaca Retinta, Maceradas con una Salsa de C\u00edtricos y Mostaza.\r\nServido con Hojas de R\u00facula Fresca y Lascas de Queso Parmigiano Reggiano.<\/p><\/div><div class=\"clearfix\"><\/div><\/li><li  class=\"mainstayli\"> <div class=\"cro_mainstayimg\"><img loading=\"lazy\" decoding=\"async\" width=\"150\" height=\"150\" src=\"https:\/\/eltrafalgar.com\/wp-content\/uploads\/2014\/01\/Caprese-150x150.jpg\" class=\"attachment-thumbnail size-thumbnail wp-post-image\" alt=\"\" \/><\/div><div class=\"cro_mainstaybody\"><span class=\"cro_foodprice\">14,60.- \u20ac<\/span><h5 class=\"mainstayhead\">Ensalada Caprese<\/h5><p class=\"mainstayp\">Rodajas de Tomate Fresco, Mozzarella de B\u00fafala, Albahaca, Aceite de Oliva Virgen Extra y\r\nPimienta Negra Molida.<\/p><\/div><div class=\"clearfix\"><\/div><\/li><li  class=\"mainstayli\"> <div class=\"cro_mainstayimg\"><img loading=\"lazy\" decoding=\"async\" width=\"150\" height=\"150\" src=\"https:\/\/eltrafalgar.com\/wp-content\/uploads\/2014\/01\/Cesar-150x150.jpg\" class=\"attachment-thumbnail size-thumbnail wp-post-image\" alt=\"Ensalada C\u00e9sar\" \/><\/div><div class=\"cro_mainstaybody\"><span class=\"cro_foodprice\">17,70.- \u20ac<\/span><h5 class=\"mainstayhead\">Ensalada C\u00e9sar<\/h5><p class=\"mainstayp\">Lechuga Romana, Lascas de Queso Parmigiano Reggiano, Pechuga de Pollo a la Parrilla y\r\nPicatostes. Ali\u00f1ada con una Salsa de Anchoas y Queso Parmigiano Reggiano, Muy Especial.<\/p><\/div><div class=\"clearfix\"><\/div><\/li><li  class=\"mainstayli\"> <div class=\"cro_mainstayimg\"><img loading=\"lazy\" decoding=\"async\" width=\"150\" height=\"150\" src=\"https:\/\/eltrafalgar.com\/wp-content\/uploads\/2016\/09\/Roseta.-150x150.jpg\" class=\"attachment-thumbnail size-thumbnail wp-post-image\" alt=\"\" srcset=\"https:\/\/eltrafalgar.com\/wp-content\/uploads\/2016\/09\/Roseta.-150x150.jpg 150w, https:\/\/eltrafalgar.com\/wp-content\/uploads\/2016\/09\/Roseta.-300x300.jpg 300w, https:\/\/eltrafalgar.com\/wp-content\/uploads\/2016\/09\/Roseta..jpg 400w\" sizes=\"(max-width: 150px) 100vw, 150px\" \/><\/div><div class=\"cro_mainstaybody\"><span class=\"cro_foodprice\">2,80.- \u20ac<\/span><h5 class=\"mainstayhead\">Cesta de Pan Reci\u00e9n Hecho, Picos y Rega\u00f1\u00e1s<\/h5><p class=\"mainstayp\">Adecuado para Dos Comensales.<\/p><\/div><div class=\"clearfix\"><\/div><\/li><li  class=\"mainstayli\"> <div class=\"cro_mainstayimg\"><img loading=\"lazy\" decoding=\"async\" width=\"150\" height=\"150\" src=\"https:\/\/eltrafalgar.com\/wp-content\/uploads\/2016\/09\/Mollete_Sin_Gluten-150x150.jpg\" class=\"attachment-thumbnail size-thumbnail wp-post-image\" alt=\"\" \/><\/div><div class=\"cro_mainstaybody\"><span class=\"cro_foodprice\">3,10.- \u20ac<\/span><h5 class=\"mainstayhead\">Cesta de Pan y Picos Sin Gluten<\/h5><p class=\"mainstayp\"><span style=\"font-size: medium; color: #000000;\">Especial para Cel\u00edacos. Adecuado para 1 Comensal<\/span><\/p><\/div><div class=\"clearfix\"><\/div><\/li><\/ul><\/span><\/p>\n<h3 style=\"text-align: center;\"><span style=\"color: #ff6600;\">AL\u00c9RGENOS<\/span><\/h3>\n<h4 style=\"text-align: center;\"><span style=\"color: #ff6600;\">Los Platos Se\u00f1alados con estos Iconos, Contienen o Pueden Contener :<\/span><\/h4>\n<h4 style=\"text-align: center;\"><span style=\"color: #ff6600;\"><a><img loading=\"lazy\" decoding=\"async\" class=\"alignnone size-full wp-image-2991\" src=\"http:\/\/eltrafalgar.com\/wp-content\/uploads\/2016\/09\/39-moluscos.jpg\" alt=\"39-moluscos\" width=\"39\" height=\"39\" \/><\/a>\u00a0Moluscos <a><img loading=\"lazy\" decoding=\"async\" class=\"alignnone size-full wp-image-2991\" src=\"http:\/\/eltrafalgar.com\/wp-content\/uploads\/2016\/09\/39-crustaceos.jpg\" alt=\"39-crustaceos\" width=\"39\" height=\"39\" \/><\/a>\u00a0Crust\u00e1ceos <img loading=\"lazy\" decoding=\"async\" class=\"alignnone size-full wp-image-2980\" src=\"http:\/\/eltrafalgar.com\/wp-content\/uploads\/2016\/09\/39-pescado.jpg\" alt=\"39-pescado\" width=\"39\" height=\"39\" \/>\u00a0Pescado<a><img loading=\"lazy\" decoding=\"async\" class=\"alignnone size-full wp-image-2990\" src=\"http:\/\/eltrafalgar.com\/wp-content\/uploads\/2016\/09\/39-gluten.jpg\" alt=\"39-gluten\" width=\"39\" height=\"39\" \/><\/a>\u00a0Gluten<a><img loading=\"lazy\" decoding=\"async\" class=\"alignnone size-full wp-image-2990\" src=\"http:\/\/eltrafalgar.com\/wp-content\/uploads\/2016\/09\/39-lacteos.jpg\" alt=\"39-lacteos\" width=\"39\" height=\"39\" \/><\/a>\u00a0L\u00e1cteos<a><img loading=\"lazy\" decoding=\"async\" class=\"alignnone size-full wp-image-2990\" src=\"http:\/\/eltrafalgar.com\/wp-content\/uploads\/2016\/09\/39-huevo.jpg\" alt=\"39-huevo\" width=\"39\" height=\"39\" \/><\/a>\u00a0Huevo<a><img loading=\"lazy\" decoding=\"async\" class=\"alignnone size-full wp-image-2990\" src=\"http:\/\/eltrafalgar.com\/wp-content\/uploads\/2016\/09\/39-mostaza.jpg\" alt=\"39-mostaza\" width=\"39\" height=\"39\" \/><\/a>\u00a0Mostaza<\/span><\/h4>\n<p><span style=\"color: #000000; font-size: medium;\">\r\n\t<div class=\"slideshow_container slideshow_container_slideshow-jquery-image-gallery-custom-styles_2\" style=\"height: 268px; \" data-slideshow-id=\"1061\" data-style-name=\"slideshow-jquery-image-gallery-custom-styles_2\" data-style-version=\"1391901497\" >\r\n\r\n\t\t\t\t\t<div class=\"slideshow_loading_icon\"><\/div>\r\n\t\t\r\n\t\t<div class=\"slideshow_content\" style=\"display: none;\">\r\n\r\n\t\t\t<div class=\"slideshow_view\">\r\n\t\t\t\t<div class=\"slideshow_slide slideshow_slide_image\">\r\n\t\t\t\t\t<a href=\"http:\/\/eltrafalgar.com\/?page_id=1096\" target=\"_self\" >\t\t\t\t\t\t<img src=\"https:\/\/eltrafalgar.com\/wp-content\/uploads\/2014\/02\/Morrillo.jpg\" alt=\"At\u00fan Rojo de Almadraba\" width=\"300\" height=\"225\" \/>\r\n\t\t\t\t\t<\/a>\t\t\t\t\t<div class=\"slideshow_description_box slideshow_transparent\">\r\n\t\t\t\t\t\t<div class=\"slideshow_title\"><a href=\"http:\/\/eltrafalgar.com\/?page_id=1096\" target=\"_self\" >At\u00fan Rojo de Almadraba<\/a><\/div>\t\t\t\t\t\t\t\t\t\t\t<\/div>\r\n\t\t\t\t<\/div>\r\n\r\n\t\t\t\t\t\t\r\n\t\t\t\t<div class=\"slideshow_slide slideshow_slide_image\">\r\n\t\t\t\t\t<a href=\"http:\/\/eltrafalgar.com\/?page_id=1044\" target=\"_self\" >\t\t\t\t\t\t<img src=\"https:\/\/eltrafalgar.com\/wp-content\/uploads\/2014\/02\/HamburguesaMediterranea.jpg\" alt=\"Hamburguesas\" width=\"250\" height=\"188\" \/>\r\n\t\t\t\t\t<\/a>\t\t\t\t\t<div class=\"slideshow_description_box slideshow_transparent\">\r\n\t\t\t\t\t\t<div class=\"slideshow_title\"><a href=\"http:\/\/eltrafalgar.com\/?page_id=1044\" target=\"_self\" >Hamburguesas<\/a><\/div>\t\t\t\t\t\t\t\t\t\t\t<\/div>\r\n\t\t\t\t<\/div>\r\n\r\n\t\t\t\t\t\t\r\n\t\t\t\t<div class=\"slideshow_slide slideshow_slide_image\">\r\n\t\t\t\t\t<a href=\"http:\/\/eltrafalgar.com\/?page_id=1044\" target=\"_self\" >\t\t\t\t\t\t<img src=\"https:\/\/eltrafalgar.com\/wp-content\/uploads\/2014\/02\/Entrantes.jpg\" alt=\"Entrantes\" width=\"250\" height=\"188\" \/>\r\n\t\t\t\t\t<\/a>\t\t\t\t\t<div class=\"slideshow_description_box slideshow_transparent\">\r\n\t\t\t\t\t\t<div class=\"slideshow_title\"><a href=\"http:\/\/eltrafalgar.com\/?page_id=1044\" target=\"_self\" >Entrantes<\/a><\/div>\t\t\t\t\t\t\t\t\t\t\t<\/div>\r\n\t\t\t\t<\/div>\r\n\r\n\t\t\t\t\t\t<div style=\"clear: both;\"><\/div><\/div><div class=\"slideshow_view\">\r\n\t\t\t\t<div class=\"slideshow_slide slideshow_slide_image\">\r\n\t\t\t\t\t<a href=\"http:\/\/eltrafalgar.com\/?page_id=1074 \" target=\"_self\" >\t\t\t\t\t\t<img src=\"https:\/\/eltrafalgar.com\/wp-content\/uploads\/2014\/02\/Carnes.jpg\" alt=\"Carnes\" width=\"250\" height=\"188\" \/>\r\n\t\t\t\t\t<\/a>\t\t\t\t\t<div class=\"slideshow_description_box slideshow_transparent\">\r\n\t\t\t\t\t\t<div class=\"slideshow_title\"><a href=\"http:\/\/eltrafalgar.com\/?page_id=1074 \" target=\"_self\" >Carnes a la Parrilla<\/a><\/div>\t\t\t\t\t\t\t\t\t\t\t<\/div>\r\n\t\t\t\t<\/div>\r\n\r\n\t\t\t\t\t\t\r\n\t\t\t\t<div class=\"slideshow_slide slideshow_slide_image\">\r\n\t\t\t\t\t<a href=\" http:\/\/eltrafalgar.com\/?page_id=1084\" target=\"_self\" >\t\t\t\t\t\t<img src=\"https:\/\/eltrafalgar.com\/wp-content\/uploads\/2014\/02\/Pescados1.jpg\" alt=\"Pescados\" width=\"250\" height=\"188\" \/>\r\n\t\t\t\t\t<\/a>\t\t\t\t\t<div class=\"slideshow_description_box slideshow_transparent\">\r\n\t\t\t\t\t\t<div class=\"slideshow_title\"><a href=\" http:\/\/eltrafalgar.com\/?page_id=1084\" target=\"_self\" >Pescados a la Parrilla<\/a><\/div>\t\t\t\t\t\t\t\t\t\t\t<\/div>\r\n\t\t\t\t<\/div>\r\n\r\n\t\t\t\t\t\t\r\n\t\t\t\t<div class=\"slideshow_slide slideshow_slide_image\">\r\n\t\t\t\t\t<a href=\"http:\/\/eltrafalgar.com\/?page_id=1099\" target=\"_self\" >\t\t\t\t\t\t<img src=\"https:\/\/eltrafalgar.com\/wp-content\/uploads\/2014\/08\/Pizzas2.jpg\" alt=\"Pizzas\" width=\"250\" height=\"188\" \/>\r\n\t\t\t\t\t<\/a>\t\t\t\t\t<div class=\"slideshow_description_box slideshow_transparent\">\r\n\t\t\t\t\t\t<div class=\"slideshow_title\"><a href=\"http:\/\/eltrafalgar.com\/?page_id=1099\" target=\"_self\" >Pizzas<\/a><\/div>\t\t\t\t\t\t\t\t\t\t\t<\/div>\r\n\t\t\t\t<\/div>\r\n\r\n\t\t\t\t\t\t<div style=\"clear: both;\"><\/div><\/div><div class=\"slideshow_view\">\r\n\t\t\t\t<div class=\"slideshow_slide slideshow_slide_image\">\r\n\t\t\t\t\t<a href=\"http:\/\/eltrafalgar.com\/?page_id=1111\" target=\"_self\" >\t\t\t\t\t\t<img src=\"https:\/\/eltrafalgar.com\/wp-content\/uploads\/2014\/02\/Postres.jpg\" alt=\"Postres\" width=\"250\" height=\"188\" \/>\r\n\t\t\t\t\t<\/a>\t\t\t\t\t<div class=\"slideshow_description_box slideshow_transparent\">\r\n\t\t\t\t\t\t<div class=\"slideshow_title\"><a href=\"http:\/\/eltrafalgar.com\/?page_id=1111\" target=\"_self\" >Postres<\/a><\/div>\t\t\t\t\t\t\t\t\t\t\t<\/div>\r\n\t\t\t\t<\/div>\r\n\r\n\t\t\t\t\t\t<div style=\"clear: both;\"><\/div><\/div>\r\n\t\t<\/div>\r\n\r\n\t\t<div class=\"slideshow_controlPanel slideshow_transparent\" style=\"display: none;\"><ul><li class=\"slideshow_togglePlay\" data-play-text=\"Play\" data-pause-text=\"Pause\"><\/li><\/ul><\/div>\r\n\r\n\t\t<div class=\"slideshow_button slideshow_previous slideshow_transparent\" role=\"button\" data-previous-text=\"Previous\" style=\"display: none;\"><\/div>\r\n\t\t<div class=\"slideshow_button slideshow_next slideshow_transparent\" role=\"button\" data-next-text=\"Next\" style=\"display: none;\"><\/div>\r\n\r\n\t\t<div class=\"slideshow_pagination\" style=\"display: none;\" data-go-to-text=\"Go to slide\"><div class=\"slideshow_pagination_center\"><\/div><\/div>\r\n\r\n\t\t<!-- WordPress Slideshow Version 2.3.1 -->\r\n\r\n\t\t\t<\/div>\r\n\r\n<\/span><\/p>\n","protected":false},"excerpt":{"rendered":"<p>Para Empezar Bien, Os Ofrecemos una Variedad de Platos para Todos Los Gustos. Refrescantes, Sanos, Modernos, Tradicionales de la Zona, Nuevos Sabores&#8230; . . . \u00a0 AL\u00c9RGENOS Los Platos Se\u00f1alados con estos Iconos, Contienen o Pueden Contener : \u00a0Moluscos \u00a0Crust\u00e1ceos \u00a0Pescado\u00a0Gluten\u00a0L\u00e1cteos\u00a0Huevo\u00a0Mostaza<\/p>\n","protected":false},"author":1,"featured_media":0,"parent":1010,"menu_order":2,"comment_status":"open","ping_status":"closed","template":"","meta":{"footnotes":""},"class_list":["post-1044","page","type-page","status-publish","hentry"],"_links":{"self":[{"href":"https:\/\/eltrafalgar.com\/index.php?rest_route=\/wp\/v2\/pages\/1044"}],"collection":[{"href":"https:\/\/eltrafalgar.com\/index.php?rest_route=\/wp\/v2\/pages"}],"about":[{"href":"https:\/\/eltrafalgar.com\/index.php?rest_route=\/wp\/v2\/types\/page"}],"author":[{"embeddable":true,"href":"https:\/\/eltrafalgar.com\/index.php?rest_route=\/wp\/v2\/users\/1"}],"replies":[{"embeddable":true,"href":"https:\/\/eltrafalgar.com\/index.php?rest_route=%2Fwp%2Fv2%2Fcomments&post=1044"}],"version-history":[{"count":16,"href":"https:\/\/eltrafalgar.com\/index.php?rest_route=\/wp\/v2\/pages\/1044\/revisions"}],"predecessor-version":[{"id":3414,"href":"https:\/\/eltrafalgar.com\/index.php?rest_route=\/wp\/v2\/pages\/1044\/revisions\/3414"}],"up":[{"embeddable":true,"href":"https:\/\/eltrafalgar.com\/index.php?rest_route=\/wp\/v2\/pages\/1010"}],"wp:attachment":[{"href":"https:\/\/eltrafalgar.com\/index.php?rest_route=%2Fwp%2Fv2%2Fmedia&parent=1044"}],"curies":[{"name":"wp","href":"https:\/\/api.w.org\/{rel}","templated":true}]}}