{"id":1010,"date":"2014-02-02T22:12:41","date_gmt":"2014-02-02T21:12:41","guid":{"rendered":"http:\/\/eltrafalgar.com\/?page_id=1010"},"modified":"2024-07-27T12:10:45","modified_gmt":"2024-07-27T10:10:45","slug":"carta-principal","status":"publish","type":"page","link":"https:\/\/eltrafalgar.com\/?page_id=1010","title":{"rendered":"La Carta"},"content":{"rendered":"<p style=\"text-align: center;\"><span style=\"font-size: medium; color: #000000;\"><br \/>\nLa Base de Nuestra Carta son los Excelentes Productos de esta Zona. El Mejor At\u00fan Rojo de Almadraba,<br \/>\nCarnes de Vacas Retintas y de Cerdos Ib\u00e9ricos,<br \/>\nVerduras y Hortalizas de las Huertas Cercanas,<br \/>\ncon ese Sabor Especial que les da la Cocci\u00f3n a la Parrilla o en el Horno de Le\u00f1a de Acebuche.<\/span><\/p>\n<p style=\"text-align: center;\"><span style=\"font-size: medium; color: #000000;\">Los Platos que te Vamos a Servir son Siempre elaborados en el Momento.<br \/>\nMuchos de Ellos Requieren de una Preparaci\u00f3n Compleja, Te Rogamos que Tengas un Poco de Paciencia.<br \/>\nComprobar\u00e1s que la Espera, Merece la Pena.<\/span><\/p>\n<p style=\"text-align: center;\"><span style=\"font-size: medium; color: #000000;\">Para Aprovechar los Ingredientes Frescos de cada \u00c9poca del A\u00f1o, Variamos Frecuentemente Nuestra Carta.<br \/>\nSi deseas Conocer los Platos que la Componen en Cada Momento,<br \/>\nNo Olvides\u00a0Consultarla en esta Web.<\/span><\/p>\n<p style=\"text-align: center;\"><span style=\"font-size: medium; color: #000000;\">Bueno, Ya est\u00e1 Bien de Charla, Ahora Te Dejamos a Solas con Nuestra Carta,<br \/>\nQue la Disfrutes. . .<\/span><\/p>\n<h1><\/h1>\n<h1 style=\"text-align: center;\"><strong><br \/>\n<\/strong><strong><a href=\"http:\/\/eltrafalgar.com\/wp-content\/uploads\/2024\/07\/2024.pdf\">Carta de Verano de 2024<\/a><\/strong><\/h1>\n<table style=\"border: 0px solid #ffffff; width: 0%; height: 48px;\" border=\"0\" align=\"center\">\n<tbody>\n<tr>\n<td style=\"width: 12.5%;\"><\/td>\n<td style=\"width: 31.25%;\"><\/td>\n<td style=\"width: 31.25%;\"><\/td>\n<td style=\"width: 12.5%;\"><\/td>\n<td style=\"width: 12.5%;\"><\/td>\n<\/tr>\n<tr>\n<td style=\"text-align: center; width: 12.5%;\"><\/td>\n<td style=\"text-align: center; width: 31.25%;\"><\/td>\n<td style=\"text-align: center; width: 31.25%;\"><\/td>\n<td style=\"text-align: center; width: 12.5%;\"><\/td>\n<td style=\"width: 12.5%;\"><\/td>\n<\/tr>\n<tr>\n<td style=\"width: 12.5%;\"><\/td>\n<td style=\"text-align: center; width: 31.25%;\"><\/td>\n<td style=\"text-align: center; width: 31.25%;\"><\/td>\n<td style=\"text-align: center; width: 12.5%;\"><\/td>\n<td style=\"width: 12.5%;\"><\/td>\n<\/tr>\n<tr>\n<td style=\"width: 12.5%;\"><\/td>\n<td style=\"text-align: center; width: 31.25%;\"><\/td>\n<td style=\"text-align: center; width: 31.25%;\"><\/td>\n<td style=\"width: 12.5%;\"><\/td>\n<td style=\"width: 12.5%;\"><\/td>\n<\/tr>\n<tr>\n<td style=\"width: 12.5%;\"><\/td>\n<td style=\"width: 31.25%;\"><\/td>\n<td style=\"width: 31.25%;\"><\/td>\n<td style=\"width: 12.5%;\"><\/td>\n<td style=\"width: 12.5%;\"><\/td>\n<\/tr>\n<\/tbody>\n<\/table>\n","protected":false},"excerpt":{"rendered":"<p>La Base de Nuestra Carta son los Excelentes Productos de esta Zona. El Mejor At\u00fan Rojo de Almadraba, Carnes de Vacas Retintas y de Cerdos Ib\u00e9ricos, Verduras y Hortalizas de las Huertas Cercanas, con ese Sabor Especial que les da la Cocci\u00f3n a la Parrilla o en el Horno de Le\u00f1a de Acebuche. Los Platos&hellip;<\/p>\n","protected":false},"author":1,"featured_media":2901,"parent":0,"menu_order":0,"comment_status":"closed","ping_status":"closed","template":"","meta":{"footnotes":""},"class_list":["post-1010","page","type-page","status-publish","has-post-thumbnail","hentry"],"_links":{"self":[{"href":"https:\/\/eltrafalgar.com\/index.php?rest_route=\/wp\/v2\/pages\/1010"}],"collection":[{"href":"https:\/\/eltrafalgar.com\/index.php?rest_route=\/wp\/v2\/pages"}],"about":[{"href":"https:\/\/eltrafalgar.com\/index.php?rest_route=\/wp\/v2\/types\/page"}],"author":[{"embeddable":true,"href":"https:\/\/eltrafalgar.com\/index.php?rest_route=\/wp\/v2\/users\/1"}],"replies":[{"embeddable":true,"href":"https:\/\/eltrafalgar.com\/index.php?rest_route=%2Fwp%2Fv2%2Fcomments&post=1010"}],"version-history":[{"count":15,"href":"https:\/\/eltrafalgar.com\/index.php?rest_route=\/wp\/v2\/pages\/1010\/revisions"}],"predecessor-version":[{"id":3493,"href":"https:\/\/eltrafalgar.com\/index.php?rest_route=\/wp\/v2\/pages\/1010\/revisions\/3493"}],"wp:featuredmedia":[{"embeddable":true,"href":"https:\/\/eltrafalgar.com\/index.php?rest_route=\/wp\/v2\/media\/2901"}],"wp:attachment":[{"href":"https:\/\/eltrafalgar.com\/index.php?rest_route=%2Fwp%2Fv2%2Fmedia&parent=1010"}],"curies":[{"name":"wp","href":"https:\/\/api.w.org\/{rel}","templated":true}]}}